{"id":6892,"date":"2023-02-02T10:23:23","date_gmt":"2023-02-02T10:23:23","guid":{"rendered":"http:\/\/www.all-domains.de\/?page_id=6892"},"modified":"2024-12-08T10:16:00","modified_gmt":"2024-12-08T10:16:00","slug":"hosted-exchange","status":"publish","type":"page","link":"https:\/\/www.all-domains.de\/index.php\/webhosting\/hosted-exchange\/","title":{"rendered":"Hosted Exchange"},"content":{"rendered":"\t\t<div data-elementor-type=\"wp-page\" data-elementor-id=\"6892\" class=\"elementor elementor-6892\">\n\t\t\t\t\t\t<section class=\"elementor-section elementor-top-section elementor-element elementor-element-3aed6bc elementor-section-boxed elementor-section-height-default elementor-section-height-default\" data-id=\"3aed6bc\" data-element_type=\"section\" data-e-type=\"section\">\n\t\t\t\t\t\t<div class=\"elementor-container elementor-column-gap-default\">\n\t\t\t\t\t<div class=\"elementor-column elementor-col-100 elementor-top-column elementor-element elementor-element-cb7584f\" data-id=\"cb7584f\" data-element_type=\"column\" data-e-type=\"column\">\n\t\t\t<div class=\"elementor-widget-wrap\">\n\t\t\t\t\t\t\t<\/div>\n\t\t<\/div>\n\t\t\t\t\t<\/div>\n\t\t<\/section>\n\t\t\t\t<section class=\"elementor-section elementor-top-section elementor-element elementor-element-853c5ed elementor-section-boxed elementor-section-height-default elementor-section-height-default\" data-id=\"853c5ed\" data-element_type=\"section\" data-e-type=\"section\">\n\t\t\t\t\t\t<div class=\"elementor-container elementor-column-gap-default\">\n\t\t\t\t\t<div class=\"elementor-column elementor-col-100 elementor-top-column elementor-element elementor-element-81196c9\" data-id=\"81196c9\" data-element_type=\"column\" data-e-type=\"column\">\n\t\t\t<div class=\"elementor-widget-wrap elementor-element-populated\">\n\t\t\t\t\t\t<div class=\"elementor-element elementor-element-966299f elementor-widget elementor-widget-text-editor\" data-id=\"966299f\" data-element_type=\"widget\" data-e-type=\"widget\" data-widget_type=\"text-editor.default\">\n\t\t\t\t<div class=\"elementor-widget-container\">\n\t\t\t\t\t\t\t\t\t<div id=\"av_section_1\" class=\"avia-section av-zw5gf-a693bf41a3d241d30b06d61fd62773d8 main_color avia-section-no-padding avia-no-border-styling avia-builder-el-1 el_after_av_image el_before_av_section avia-bg-style-scroll container_wrap fullsize\"><div class=\"container av-section-cont-open\"><div class=\"template-page content av-content-full alpha units\"><div class=\"post-entry post-entry-type-page post-entry-23\"><div class=\"entry-content-wrapper clearfix\"><section class=\"av_textblock_section av-kfrzk9fi-8cd82bb7dd4c28920524c5637e485e36\"><div class=\"avia_textblock\"><h1>Hosted Exchange<\/h1><\/div><\/section><section class=\"av_textblock_section av-kfrzkr38-5ce7d66cfe725f6e8b3bd607f707676f\"><div class=\"avia_textblock\"><div class=\"span8\"><p>Was ist Hosted Exchange werden Sie sich sicherlich fragen ? Stellen Sie sich vor, Sie k\u00f6nnten global von jedem Computer mit Internet-Zugang auf dieser Welt auf Ihre Termine, Kontakte, Notizen sowie e-Mails zugreifen und h\u00e4tten Ihr B\u00fcro immer mobil dabei, egal ob auf dem Notebook, PDA oder Smartphone.<\/p><p>Mit der intelligenten ActiveSync Technologie bekommen Sie auf Wunsch wichtige e-Mails just in time direkt auf ihr Smartphone gepusht, ebenso Ihre Termine und Konferenz-Einladungen.<\/p><p>Hand aufs Herz, wie oft waren Sie schon unterwegs und h\u00e4tten gerne Zugriff auf Ihre Mails, Kontakte oder Notizen gehabt? Durch die zentrale Lagerung auf dem Exchange Server ist Ihr Business immer da, wo Sie auch sind, zu jeder Zeit, an jedem Ort.<\/p><\/div><\/div><\/section><\/div><\/div><\/div><\/div><\/div><div id=\"av_section_2\" class=\"avia-section av-zmgaz-1dd486064c282f1e203edd6884380f73 main_color avia-section-default avia-no-border-styling avia-builder-el-4 el_after_av_section el_before_av_section avia-bg-style-scroll container_wrap fullsize\"><div class=\"container av-section-cont-open\"><div class=\"template-page content av-content-full alpha units\"><div class=\"post-entry post-entry-type-page post-entry-23\"><div class=\"entry-content-wrapper clearfix\"><section class=\"av_textblock_section av-kfrzk9fi-8cd82bb7dd4c28920524c5637e485e36\"><div class=\"avia_textblock\"><h3>Mit Hosted Exchange arbeiten Sie effizienter und sparen Zeit!<\/h3><\/div><\/section><section class=\"av_textblock_section av-kfrzkr38-5ce7d66cfe725f6e8b3bd607f707676f\"><div class=\"avia_textblock\"><div class=\"span8\"><div class=\"span12\"><p>Und das ist noch l\u00e4ngst nicht alles. Mit einer Hosted Exchange L\u00f6sung arbeiten Sie effizienter, Sie sind mobiler und Sie senken Ihre Kosten im Vergleich zu einer gleichwertigen Inhouse-L\u00f6sung, da f\u00fcr Sie teure Anschaffungskosten f\u00fcr eigene Server sowie Software entfallen.<\/p><p>Mit einer Hosted Exchange L\u00f6sung m\u00fcssen Sie sich nicht um technische Details k\u00fcmmern, Sie haben jeder Zeit Zugriff auf Ihren kompletten Daten-Bestand, egal ob via Outlook Web Access (OWA), mit MS Outlook \/ MS Entourage in Ihrem B\u00fcro oder via Smartphone. Mit einer Hosted Exchange L\u00f6sung k\u00f6nnen Sie Daten gemeinen Nutzen (z.B. Kalender teilen) und Ihre Kommunikation untereinander optimieren.<\/p><\/div><\/div><\/div><\/section><\/div><\/div><\/div><\/div><\/div>\t\t\t\t\t\t\t\t<\/div>\n\t\t\t\t<\/div>\n\t\t\t\t\t<\/div>\n\t\t<\/div>\n\t\t\t\t\t<\/div>\n\t\t<\/section>\n\t\t\t\t<section class=\"elementor-section elementor-top-section elementor-element elementor-element-3554871 elementor-section-boxed elementor-section-height-default elementor-section-height-default\" data-id=\"3554871\" data-element_type=\"section\" data-e-type=\"section\">\n\t\t\t\t\t\t<div class=\"elementor-container elementor-column-gap-default\">\n\t\t\t\t\t<div class=\"elementor-column elementor-col-100 elementor-top-column elementor-element elementor-element-8bc573f\" data-id=\"8bc573f\" data-element_type=\"column\" data-e-type=\"column\">\n\t\t\t<div class=\"elementor-widget-wrap elementor-element-populated\">\n\t\t\t\t\t\t\t<\/div>\n\t\t<\/div>\n\t\t\t\t\t<\/div>\n\t\t<\/section>\n\t\t\t\t<section class=\"elementor-section elementor-top-section elementor-element elementor-element-e7ab3eb elementor-section-boxed elementor-section-height-default elementor-section-height-default\" data-id=\"e7ab3eb\" data-element_type=\"section\" data-e-type=\"section\">\n\t\t\t\t\t\t<div class=\"elementor-container elementor-column-gap-default\">\n\t\t\t\t\t<div class=\"elementor-column elementor-col-100 elementor-top-column elementor-element elementor-element-76a9aa0\" data-id=\"76a9aa0\" data-element_type=\"column\" data-e-type=\"column\">\n\t\t\t<div class=\"elementor-widget-wrap elementor-element-populated\">\n\t\t\t\t\t\t<div class=\"elementor-element elementor-element-4ea1b92 elementor-widget elementor-widget-text-editor\" data-id=\"4ea1b92\" data-element_type=\"widget\" data-e-type=\"widget\" data-widget_type=\"text-editor.default\">\n\t\t\t\t<div class=\"elementor-widget-container\">\n\t\t\t\t\t\t\t\t\t<p>Die Abrechnung der Tarife erfolgt PRORATA, d.h. beginnend zum 1. des Monats. Erfolgt die Buchung z.B. am 16. eines Monats, wird anteilig bis zum Monatsende berechnet.<\/p>\t\t\t\t\t\t\t\t<\/div>\n\t\t\t\t<\/div>\n\t\t\t\t\t<\/div>\n\t\t<\/div>\n\t\t\t\t\t<\/div>\n\t\t<\/section>\n\t\t\t\t<section class=\"elementor-section elementor-top-section elementor-element elementor-element-1de0d0c elementor-section-boxed elementor-section-height-default elementor-section-height-default\" data-id=\"1de0d0c\" data-element_type=\"section\" data-e-type=\"section\">\n\t\t\t\t\t\t<div class=\"elementor-container elementor-column-gap-default\">\n\t\t\t\t\t<div class=\"elementor-column elementor-col-33 elementor-top-column elementor-element elementor-element-861519b\" data-id=\"861519b\" data-element_type=\"column\" data-e-type=\"column\">\n\t\t\t<div class=\"elementor-widget-wrap elementor-element-populated\">\n\t\t\t\t\t\t<div class=\"elementor-element elementor-element-791050a elementor-widget elementor-widget-finix_pricing\" data-id=\"791050a\" data-element_type=\"widget\" data-e-type=\"widget\" data-widget_type=\"finix_pricing.default\">\n\t\t\t\t<div class=\"elementor-widget-container\">\n\t\t\t\t\t\t\t<div class=\"pricing-table pricing-1\">\n\t\t\t<header class=\"pricing-header \">\n\t\t\t\t\t\t\t\t\t\t\t\t\t  <h5 class=\"pricing-title\">Basic Standard<\/h5>\n\t\t\t\t\t\t\t\t<div class=\"pricing-icon\"><i class=\"glyph-icon flaticon-cloud-hosting\"><\/i><\/div>\n\t\t\t\t<div class=\"pricing-price\">3,- \u20ac<span>\n\t\t\t\t\/ monatlich<\/span><\/div>\n\t\t\t<\/header>\n\t\t\t<div class=\"pricing-content \">\n\t\t\t\t<ul class=\"pricing-list icon-right\t\">\n\t\t\t\t\t\t\t\t\t\t<li class=\"elementor-repeater-item-f40f78c\"><i class=\"fas fa-check\"><\/i><span>10GB Speicherplatz je Postfach<\/span><\/li>\n\t\t\t\t\t\t\t\t\t\t<li class=\"elementor-repeater-item-f40f78c elementor-repeater-item-2225c79\"><i class=\"ion ion-checkmark\"><\/i><span>Zugriff per IMAP, POP3 oder Outlook on the Web<\/span><\/li>\n\t\t\t\t\t\t\t\t\t\t<li class=\"elementor-repeater-item-f40f78c elementor-repeater-item-2225c79 elementor-repeater-item-9456528\"><i class=\"fas fa-check\"><\/i><span>Spam- und Virenschutz<\/span><\/li>\n\t\t\t\t\t\t\t\t\t\t<li class=\"elementor-repeater-item-f40f78c elementor-repeater-item-2225c79 elementor-repeater-item-9456528 elementor-repeater-item-9448133\"><i class=\"fas fa-check\"><\/i><span>maximale E-Mail-Gr\u00f6\u00dfe 100 MB<\/span><\/li>\n\t\t\t\t\t\t\t\t\t\t<li class=\"elementor-repeater-item-f40f78c elementor-repeater-item-2225c79 elementor-repeater-item-9456528 elementor-repeater-item-9448133 elementor-repeater-item-21a5027\"><i class=\"fas fa-check\"><\/i><span>versenden Sie bis zu 1.000 E-Mails am Tag<\/span><\/li>\n\t\t\t\t\t\t\t\t\t\t<li class=\"elementor-repeater-item-f40f78c elementor-repeater-item-2225c79 elementor-repeater-item-9456528 elementor-repeater-item-9448133 elementor-repeater-item-21a5027 elementor-repeater-item-01110a4\"><i class=\"fas fa-check\"><\/i><span>unbegrenzt viele User k\u00f6nnen dieses Produkt nutzen<\/span><\/li>\n\t\t\t\t\t\t\t\t\t\t<li class=\"elementor-repeater-item-f40f78c elementor-repeater-item-2225c79 elementor-repeater-item-9456528 elementor-repeater-item-9448133 elementor-repeater-item-21a5027 elementor-repeater-item-01110a4 elementor-repeater-item-1cb5614\"><i class=\"fas fa-check\"><\/i><span>Entfall der Setupkosten bei 12monatiger Laufzeit<\/span><\/li>\n\t\t\t\t\t\t\t\t\t<\/ul>\n\t\t\t<\/div>\n\t\t\t\t\t\t<div class=\"pricing-button text-justify\">\n\t\t\t\t<a href=\"http:\/\/www.all-domains.de\/order\/he20.html\" target=\"_blank\" class=\"pricing-btn style-flat\">zur Bestellung<\/a>\n\t\t\t<\/div>\n\t\t\t\t\t<\/div>\n\t\t\t\t\t\t<\/div>\n\t\t\t\t<\/div>\n\t\t\t\t\t<\/div>\n\t\t<\/div>\n\t\t\t\t<div class=\"elementor-column elementor-col-33 elementor-top-column elementor-element elementor-element-a31a41b\" data-id=\"a31a41b\" data-element_type=\"column\" data-e-type=\"column\">\n\t\t\t<div class=\"elementor-widget-wrap elementor-element-populated\">\n\t\t\t\t\t\t<div class=\"elementor-element elementor-element-3f09a8d elementor-widget elementor-widget-finix_pricing\" data-id=\"3f09a8d\" data-element_type=\"widget\" data-e-type=\"widget\" data-widget_type=\"finix_pricing.default\">\n\t\t\t\t<div class=\"elementor-widget-container\">\n\t\t\t\t\t\t\t<div class=\"pricing-table pricing-1\">\n\t\t\t<header class=\"pricing-header \">\n\t\t\t\t\t\t\t\t\t\t\t\t\t  <h5 class=\"pricing-title\">Business Standard<\/h5>\n\t\t\t\t\t\t\t\t<div class=\"pricing-icon\"><i class=\"glyph-icon flaticon-cloud-hosting\"><\/i><\/div>\n\t\t\t\t<div class=\"pricing-price\">9,- \u20ac<span>\n\t\t\t\t\/ monatlich<\/span><\/div>\n\t\t\t<\/header>\n\t\t\t<div class=\"pricing-content \">\n\t\t\t\t<ul class=\"pricing-list icon-right\t\">\n\t\t\t\t\t\t\t\t\t\t<li class=\"elementor-repeater-item-f40f78c\"><i class=\"fas fa-check\"><\/i><span>40GB Speicherplatz je Postfach<\/span><\/li>\n\t\t\t\t\t\t\t\t\t\t<li class=\"elementor-repeater-item-f40f78c elementor-repeater-item-2225c79\"><i class=\"ion ion-checkmark\"><\/i><span>Zugriff per IMAP, POP3, Outlook on the Web, Outlook oder Smartphone (max. 3 Ger\u00e4te)<\/span><\/li>\n\t\t\t\t\t\t\t\t\t\t<li class=\"elementor-repeater-item-f40f78c elementor-repeater-item-2225c79 elementor-repeater-item-9456528\"><i class=\"ion ion-checkmark\"><\/i><span>Spam- und Virenschutz<\/span><\/li>\n\t\t\t\t\t\t\t\t\t\t<li class=\"elementor-repeater-item-f40f78c elementor-repeater-item-2225c79 elementor-repeater-item-9456528 elementor-repeater-item-9448133\"><i class=\"fas fa-check\"><\/i><span>maximale E-Mail-Gr\u00f6\u00dfe 100 MB<\/span><\/li>\n\t\t\t\t\t\t\t\t\t\t<li class=\"elementor-repeater-item-f40f78c elementor-repeater-item-2225c79 elementor-repeater-item-9456528 elementor-repeater-item-9448133 elementor-repeater-item-21a5027\"><i class=\"fas fa-check\"><\/i><span>versenden Sie bis zu 1.000 E-Mails am Tag<\/span><\/li>\n\t\t\t\t\t\t\t\t\t\t<li class=\"elementor-repeater-item-f40f78c elementor-repeater-item-2225c79 elementor-repeater-item-9456528 elementor-repeater-item-9448133 elementor-repeater-item-21a5027 elementor-repeater-item-01110a4\"><i class=\"fas fa-check\"><\/i><span>unbegrenzt viele User k\u00f6nnen dieses Produkt nutzen<\/span><\/li>\n\t\t\t\t\t\t\t\t\t\t<li class=\"elementor-repeater-item-f40f78c elementor-repeater-item-2225c79 elementor-repeater-item-9456528 elementor-repeater-item-9448133 elementor-repeater-item-21a5027 elementor-repeater-item-01110a4 elementor-repeater-item-1cb5614\"><i class=\"fas fa-check\"><\/i><span>Entfall der Setupkosten bei 12monatiger Laufzeit<\/span><\/li>\n\t\t\t\t\t\t\t\t\t<\/ul>\n\t\t\t<\/div>\n\t\t\t\t\t\t<div class=\"pricing-button text-justify\">\n\t\t\t\t<a href=\"#\" class=\"pricing-btn style-flat\">zur Bestellung<\/a>\n\t\t\t<\/div>\n\t\t\t\t\t<\/div>\n\t\t\t\t\t\t<\/div>\n\t\t\t\t<\/div>\n\t\t\t\t\t<\/div>\n\t\t<\/div>\n\t\t\t\t<div class=\"elementor-column elementor-col-33 elementor-top-column elementor-element elementor-element-ce497f1\" data-id=\"ce497f1\" data-element_type=\"column\" data-e-type=\"column\">\n\t\t\t<div class=\"elementor-widget-wrap elementor-element-populated\">\n\t\t\t\t\t\t<div class=\"elementor-element elementor-element-57cb2c7 elementor-widget elementor-widget-finix_pricing\" data-id=\"57cb2c7\" data-element_type=\"widget\" data-e-type=\"widget\" data-widget_type=\"finix_pricing.default\">\n\t\t\t\t<div class=\"elementor-widget-container\">\n\t\t\t\t\t\t\t<div class=\"pricing-table pricing-1\">\n\t\t\t<header class=\"pricing-header \">\n\t\t\t\t\t\t\t\t\t\t\t\t\t  <h5 class=\"pricing-title\">Business Premium<\/h5>\n\t\t\t\t\t\t\t\t<div class=\"pricing-icon\"><i class=\"glyph-icon flaticon-cloud-hosting\"><\/i><\/div>\n\t\t\t\t<div class=\"pricing-price\">12,- \u20ac<span>\n\t\t\t\t\/ monatlich<\/span><\/div>\n\t\t\t<\/header>\n\t\t\t<div class=\"pricing-content \">\n\t\t\t\t<ul class=\"pricing-list icon-right\t\">\n\t\t\t\t\t\t\t\t\t\t<li class=\"elementor-repeater-item-f40f78c\"><i class=\"fas fa-check\"><\/i><span>50GB Speicherplatz je Postfach<\/span><\/li>\n\t\t\t\t\t\t\t\t\t\t<li class=\"elementor-repeater-item-f40f78c elementor-repeater-item-2225c79\"><i class=\"ion ion-checkmark\"><\/i><span>Zugriff per IMAP, POP3, Outlook on the Web, Outlook oder Smartphone (max. 10 Ger\u00e4te)<\/span><\/li>\n\t\t\t\t\t\t\t\t\t\t<li class=\"elementor-repeater-item-f40f78c elementor-repeater-item-2225c79 elementor-repeater-item-9456528\"><i class=\"ion ion-checkmark\"><\/i><span>Spam- und Virenschutz<\/span><\/li>\n\t\t\t\t\t\t\t\t\t\t<li class=\"elementor-repeater-item-f40f78c elementor-repeater-item-2225c79 elementor-repeater-item-9456528 elementor-repeater-item-9448133\"><i class=\"fas fa-check\"><\/i><span>maximale E-Mail-Gr\u00f6\u00dfe 100 MB<\/span><\/li>\n\t\t\t\t\t\t\t\t\t\t<li class=\"elementor-repeater-item-f40f78c elementor-repeater-item-2225c79 elementor-repeater-item-9456528 elementor-repeater-item-9448133 elementor-repeater-item-21a5027\"><i class=\"fas fa-check\"><\/i><span>versenden Sie bis zu 20.000 E-Mails am Tag<\/span><\/li>\n\t\t\t\t\t\t\t\t\t\t<li class=\"elementor-repeater-item-f40f78c elementor-repeater-item-2225c79 elementor-repeater-item-9456528 elementor-repeater-item-9448133 elementor-repeater-item-21a5027 elementor-repeater-item-01110a4\"><i class=\"fas fa-check\"><\/i><span>unbegrenzt viele User k\u00f6nnen dieses Produkt nutzen<\/span><\/li>\n\t\t\t\t\t\t\t\t\t\t<li class=\"elementor-repeater-item-f40f78c elementor-repeater-item-2225c79 elementor-repeater-item-9456528 elementor-repeater-item-9448133 elementor-repeater-item-21a5027 elementor-repeater-item-01110a4 elementor-repeater-item-1cb5614\"><i class=\"fas fa-check\"><\/i><span>keine Setupkosten<\/span><\/li>\n\t\t\t\t\t\t\t\t\t<\/ul>\n\t\t\t<\/div>\n\t\t\t\t\t\t<div class=\"pricing-button text-justify\">\n\t\t\t\t<a href=\"#\" class=\"pricing-btn style-flat\">zur Bestellung<\/a>\n\t\t\t<\/div>\n\t\t\t\t\t<\/div>\n\t\t\t\t\t\t<\/div>\n\t\t\t\t<\/div>\n\t\t\t\t\t<\/div>\n\t\t<\/div>\n\t\t\t\t\t<\/div>\n\t\t<\/section>\n\t\t\t\t<section class=\"elementor-section elementor-top-section elementor-element elementor-element-e6973b9 elementor-section-boxed elementor-section-height-default elementor-section-height-default\" data-id=\"e6973b9\" data-element_type=\"section\" data-e-type=\"section\">\n\t\t\t\t\t\t<div class=\"elementor-container elementor-column-gap-default\">\n\t\t\t\t\t<div class=\"elementor-column elementor-col-100 elementor-top-column elementor-element elementor-element-3de50b9\" data-id=\"3de50b9\" data-element_type=\"column\" data-e-type=\"column\">\n\t\t\t<div class=\"elementor-widget-wrap elementor-element-populated\">\n\t\t\t\t\t\t<div class=\"elementor-element elementor-element-a2db04d elementor-widget elementor-widget-text-editor\" data-id=\"a2db04d\" data-element_type=\"widget\" data-e-type=\"widget\" data-widget_type=\"text-editor.default\">\n\t\t\t\t<div class=\"elementor-widget-container\">\n\t\t\t\t\t\t\t\t\t<p style=\"text-align: center;\"><strong>Bestellformular \u00f6ffnet im neuen Browserfenster<\/strong><\/p>\t\t\t\t\t\t\t\t<\/div>\n\t\t\t\t<\/div>\n\t\t\t\t\t<\/div>\n\t\t<\/div>\n\t\t\t\t\t<\/div>\n\t\t<\/section>\n\t\t\t\t<\/div>\n\t\t","protected":false},"excerpt":{"rendered":"<p>Hosted Exchange Was ist Hosted Exchange werden Sie sich sicherlich fragen ? Stellen Sie sich vor, Sie k\u00f6nnten global von jedem Computer mit Internet-Zugang auf dieser Welt auf Ihre Termine, Kontakte, Notizen sowie e-Mails zugreifen und h\u00e4tten Ihr B\u00fcro immer mobil dabei, egal ob auf dem Notebook, PDA oder Smartphone. Mit der intelligenten ActiveSync Technologie [&hellip;]<\/p>\n","protected":false},"author":1,"featured_media":0,"parent":7334,"menu_order":0,"comment_status":"closed","ping_status":"closed","template":"elementor_header_footer","meta":{"_acf_changed":false,"_monsterinsights_skip_tracking":false,"_monsterinsights_sitenote_active":false,"_monsterinsights_sitenote_note":"","_monsterinsights_sitenote_category":0,"footnotes":""},"class_list":["post-6892","page","type-page","status-publish","hentry"],"acf":[],"aioseo_notices":[],"jetpack_sharing_enabled":true,"_links":{"self":[{"href":"https:\/\/www.all-domains.de\/index.php\/wp-json\/wp\/v2\/pages\/6892","targetHints":{"allow":["GET"]}}],"collection":[{"href":"https:\/\/www.all-domains.de\/index.php\/wp-json\/wp\/v2\/pages"}],"about":[{"href":"https:\/\/www.all-domains.de\/index.php\/wp-json\/wp\/v2\/types\/page"}],"author":[{"embeddable":true,"href":"https:\/\/www.all-domains.de\/index.php\/wp-json\/wp\/v2\/users\/1"}],"replies":[{"embeddable":true,"href":"https:\/\/www.all-domains.de\/index.php\/wp-json\/wp\/v2\/comments?post=6892"}],"version-history":[{"count":133,"href":"https:\/\/www.all-domains.de\/index.php\/wp-json\/wp\/v2\/pages\/6892\/revisions"}],"predecessor-version":[{"id":8582,"href":"https:\/\/www.all-domains.de\/index.php\/wp-json\/wp\/v2\/pages\/6892\/revisions\/8582"}],"up":[{"embeddable":true,"href":"https:\/\/www.all-domains.de\/index.php\/wp-json\/wp\/v2\/pages\/7334"}],"wp:attachment":[{"href":"https:\/\/www.all-domains.de\/index.php\/wp-json\/wp\/v2\/media?parent=6892"}],"curies":[{"name":"wp","href":"https:\/\/api.w.org\/{rel}","templated":true}]}}