{"id":7104,"date":"2023-02-16T08:49:48","date_gmt":"2023-02-16T08:49:48","guid":{"rendered":"http:\/\/www.all-domains.de\/?page_id=7104"},"modified":"2026-03-09T09:46:49","modified_gmt":"2026-03-09T09:46:49","slug":"widerrufsbelehrung","status":"publish","type":"page","link":"https:\/\/www.all-domains.de\/index.php\/widerrufsbelehrung\/","title":{"rendered":"Widerrufsbelehrung"},"content":{"rendered":"\t\t<div data-elementor-type=\"wp-page\" data-elementor-id=\"7104\" class=\"elementor elementor-7104\">\n\t\t\t\t\t\t<section class=\"elementor-section elementor-top-section elementor-element elementor-element-3ef8221 elementor-section-boxed elementor-section-height-default elementor-section-height-default\" data-id=\"3ef8221\" data-element_type=\"section\" data-e-type=\"section\">\n\t\t\t\t\t\t<div class=\"elementor-container elementor-column-gap-default\">\n\t\t\t\t\t<div class=\"elementor-column elementor-col-100 elementor-top-column elementor-element elementor-element-cbb9c0f\" data-id=\"cbb9c0f\" data-element_type=\"column\" data-e-type=\"column\">\n\t\t\t<div class=\"elementor-widget-wrap\">\n\t\t\t\t\t\t\t<\/div>\n\t\t<\/div>\n\t\t\t\t\t<\/div>\n\t\t<\/section>\n\t\t\t\t<section class=\"elementor-section elementor-top-section elementor-element elementor-element-01ddddd elementor-section-boxed elementor-section-height-default elementor-section-height-default\" data-id=\"01ddddd\" data-element_type=\"section\" data-e-type=\"section\">\n\t\t\t\t\t\t<div class=\"elementor-container elementor-column-gap-default\">\n\t\t\t\t\t<div class=\"elementor-column elementor-col-100 elementor-top-column elementor-element elementor-element-546717b\" data-id=\"546717b\" data-element_type=\"column\" data-e-type=\"column\">\n\t\t\t<div class=\"elementor-widget-wrap elementor-element-populated\">\n\t\t\t\t\t\t<div class=\"elementor-element elementor-element-9008988 elementor-widget elementor-widget-text-editor\" data-id=\"9008988\" data-element_type=\"widget\" data-e-type=\"widget\" data-widget_type=\"text-editor.default\">\n\t\t\t\t<div class=\"elementor-widget-container\">\n\t\t\t\t\t\t\t\t\t<p>Widerrufsrecht<\/p>\n<div class=\"ce-textpic ce-left ce-above\">\n<div class=\"ce-bodytext\">\n<h2>Widerrufsrecht des Kunden nach dem Fernabsatzgesetz:<\/h2>\n<p>Dem Verbraucher steht bei Fernabsatzvertr\u00e4gen ein Widerrufsrecht zu, ausgenommen hiervon sind Domain-Bestellungen sowie Produkte zu denen eine aktivw Domain registriert wurde:<\/p>\n<h2>Widerrufsbelehrung<\/h2>\n<h4 class=\"h4\">Widerrufsrecht<\/h4>\n<p>Verbraucher nach \u00a713 BGB) haben das Recht, binnen vierzehn Tagen ohne Angabe von Gr\u00fcnden diesen Vertrag zu widerrufen.<br>Die Widerrufsfrist betr\u00e4gt vierzehn Tage ab dem Tag des Vertragsabschlusses.<br>Um Ihr Widerrufsrecht auszu\u00fcben, m\u00fcssen Sie uns<\/p>\n<p><strong>ALL-DOMAINS, Markus Klonz, August-Schmidt-Strasse 3, 58456 Witten, Telefax: +49 2302 9786399, Tel.: +49 2302 9786393, E-Mail: <a href=\"#\" data-mailto-token=\"hvdgoj5qzmomvbVya9zp\" data-mailto-vector=\"-5\">info@all-domains.de<\/a><\/strong><\/p>\n<p>mittels einer eindeutigen Erkl\u00e4rung (z.B. ein mit der Post versandter Brief, Telefax oder E-Mail) \u00fcber Ihren Entschluss, diesen Vertrag zu widerrufen, informieren. Sie k\u00f6nnen daf\u00fcr das beigef\u00fcgte Muster-Widerrufsformular verwenden, das jedoch nicht vorgeschrieben ist.<br>Zur Wahrung der Widerrufsfrist reicht es aus, dass Sie die Mitteilung \u00fcber die Aus\u00fcbung des Widerrufsrechts vor Ablauf der Widerrufsfrist absenden.<\/p>\n<h3 class=\"h3\">Folgen des Widerrufs<\/h3>\n<p>Wenn Sie diesen Vertrag widerrufen, haben wir Ihnen alle Zahlungen, die wir von Ihnen erhalten haben, einschlie\u00dflich der Lieferkosten (mit Ausnahme der zus\u00e4tzlichen Kosten, die sich daraus ergeben, dass Sie eine andere Art der Lieferung als die von uns angebotene, g\u00fcnstigste Standardlieferung gew\u00e4hlt haben), unverz\u00fcglich und sp\u00e4testens binnen vierzehn Tagen ab dem Tag zur\u00fcckzuzahlen, an dem die Mitteilung \u00fcber Ihren Widerruf dieses Vertrags bei uns eingegangen ist. F\u00fcr diese R\u00fcckzahlung verwenden wir dasselbe Zahlungsmittel, das Sie bei der urspr\u00fcnglichen Transaktion eingesetzt haben, es sei denn, mit Ihnen wurde ausdr\u00fccklich etwas anderes vereinbart; in keinem Fall werden Ihnen wegen dieser R\u00fcckzahlung Entgelte berechnet.<br>Haben Sie verlangt, dass die Dienstleistungen w\u00e4hrend der Widerrufsfrist beginnen soll, so haben Sie uns einen angemessenen Betrag zu zahlen, der dem Anteil der bis zu dem Zeitpunkt, zu dem Sie uns von der Aus\u00fcbung des Widerrufsrechts hinsichtlich dieses Vertrags unterrichten, bereits erbrachten Dienstleistungen im Vergleich zum Gesamtumfang der im Vertrag vorgesehenen Dienstleistungen entspricht.<\/p>\n<\/div>\n<\/div>\n<div id=\"c26375\" class=\"frame frame-default frame-type-textmedia frame-layout-0 default-content-element\">\n<div class=\"ce-textpic ce-left ce-above\">\n<div class=\"ce-bodytext\">\n<div class=\"well well-lg\">\n<p><strong>Muster-Widerrufsformular<\/strong>&nbsp;(Wenn Sie den Vertrag widerrufen wollen, dann f\u00fcllen Sie bitte dieses Formular aus und senden Sie es zur\u00fcck.)<\/p>\n<p>An<br>ALL-DOMAINS<br>Markus Klonz<br>August-Schmidt-Strasse 3<br>58456 Witten<br>Telefax: +49 2302 9786399<\/p>\n<p>\u2014 Hiermit widerrufe(n ) ich\/wir ( *) den von mir\/uns ( *) abgeschlossenen Vertrag \u00fcber den Kauf der folgenden Waren (* )\/die Erbringung der folgenden Dienstleistung (* )<br>\u2014 Bestellt am (* )\/erhalten am ( *)<br>\u2014 Name des\/der Verbraucher(s)<br>\u2014 Anschrift des\/der Verbraucher(s)<br>\u2014 Unterschrift des\/der Verbraucher(s) (nur bei Mitteilung auf Papier)<br>\u2014 Datum<\/p>\n<p>( *) Unzutreffendes streichen.<\/p>\n<\/div>\n<\/div>\n<\/div>\n<\/div>\t\t\t\t\t\t\t\t<\/div>\n\t\t\t\t<\/div>\n\t\t\t\t\t<\/div>\n\t\t<\/div>\n\t\t\t\t\t<\/div>\n\t\t<\/section>\n\t\t\t\t<\/div>\n\t\t","protected":false},"excerpt":{"rendered":"<p>Widerrufsrecht Widerrufsrecht des Kunden nach dem Fernabsatzgesetz: Dem Verbraucher steht bei Fernabsatzvertr\u00e4gen ein Widerrufsrecht zu, ausgenommen hiervon sind Domain-Bestellungen sowie Produkte zu denen eine aktivw Domain registriert wurde: Widerrufsbelehrung Widerrufsrecht Verbraucher nach \u00a713 BGB) haben das Recht, binnen vierzehn Tagen ohne Angabe von Gr\u00fcnden diesen Vertrag zu widerrufen.Die Widerrufsfrist betr\u00e4gt vierzehn Tage ab dem Tag [&hellip;]<\/p>\n","protected":false},"author":1,"featured_media":0,"parent":0,"menu_order":0,"comment_status":"closed","ping_status":"closed","template":"elementor_header_footer","meta":{"_acf_changed":false,"_monsterinsights_skip_tracking":false,"_monsterinsights_sitenote_active":false,"_monsterinsights_sitenote_note":"","_monsterinsights_sitenote_category":0,"footnotes":""},"class_list":["post-7104","page","type-page","status-publish","hentry"],"acf":[],"aioseo_notices":[],"jetpack_sharing_enabled":true,"_links":{"self":[{"href":"https:\/\/www.all-domains.de\/index.php\/wp-json\/wp\/v2\/pages\/7104","targetHints":{"allow":["GET"]}}],"collection":[{"href":"https:\/\/www.all-domains.de\/index.php\/wp-json\/wp\/v2\/pages"}],"about":[{"href":"https:\/\/www.all-domains.de\/index.php\/wp-json\/wp\/v2\/types\/page"}],"author":[{"embeddable":true,"href":"https:\/\/www.all-domains.de\/index.php\/wp-json\/wp\/v2\/users\/1"}],"replies":[{"embeddable":true,"href":"https:\/\/www.all-domains.de\/index.php\/wp-json\/wp\/v2\/comments?post=7104"}],"version-history":[{"count":25,"href":"https:\/\/www.all-domains.de\/index.php\/wp-json\/wp\/v2\/pages\/7104\/revisions"}],"predecessor-version":[{"id":8962,"href":"https:\/\/www.all-domains.de\/index.php\/wp-json\/wp\/v2\/pages\/7104\/revisions\/8962"}],"wp:attachment":[{"href":"https:\/\/www.all-domains.de\/index.php\/wp-json\/wp\/v2\/media?parent=7104"}],"curies":[{"name":"wp","href":"https:\/\/api.w.org\/{rel}","templated":true}]}}