{"id":7317,"date":"2023-03-01T09:49:42","date_gmt":"2023-03-01T09:49:42","guid":{"rendered":"http:\/\/www.all-domains.de\/?page_id=7317"},"modified":"2026-02-02T10:46:08","modified_gmt":"2026-02-02T10:46:08","slug":"kvm-server-mit-ssd","status":"publish","type":"page","link":"https:\/\/www.all-domains.de\/index.php\/serverdienste\/kvm-server-mit-ssd\/","title":{"rendered":"KVM-Server mit SSD"},"content":{"rendered":"\t\t<div data-elementor-type=\"wp-page\" data-elementor-id=\"7317\" class=\"elementor elementor-7317\">\n\t\t\t\t\t\t<section class=\"elementor-section elementor-top-section elementor-element elementor-element-84f1785 elementor-section-boxed elementor-section-height-default elementor-section-height-default\" data-id=\"84f1785\" data-element_type=\"section\" data-e-type=\"section\">\n\t\t\t\t\t\t<div class=\"elementor-container elementor-column-gap-default\">\n\t\t\t\t\t<div class=\"elementor-column elementor-col-25 elementor-top-column elementor-element elementor-element-d9f829f\" data-id=\"d9f829f\" data-element_type=\"column\" data-e-type=\"column\">\n\t\t\t<div class=\"elementor-widget-wrap elementor-element-populated\">\n\t\t\t\t\t\t<div class=\"elementor-element elementor-element-810ea94 elementor-widget elementor-widget-finix_pricing\" data-id=\"810ea94\" data-element_type=\"widget\" data-e-type=\"widget\" data-widget_type=\"finix_pricing.default\">\n\t\t\t\t<div class=\"elementor-widget-container\">\n\t\t\t\t\t\t\t<div class=\"pricing-table pricing-2\">\n\t\t\t<header class=\"pricing-header \">\n\t\t\t\t\t\t\t\t\t\t\t\t\t  <h5 class=\"pricing-title\">VPS S SSD<\/h5>\n\t\t\t\t\t\t\t\t<div class=\"pricing-icon\"><\/div>\n\t\t\t\t<div class=\"pricing-price\">6,- \u20ac<span>\n\t\t\t\t\/ monatlich<\/span><\/div>\n\t\t\t<\/header>\n\t\t\t<div class=\"pricing-content \">\n\t\t\t\t<ul class=\"pricing-list icon-right\t\">\n\t\t\t\t\t\t\t\t\t\t<li class=\"elementor-repeater-item-f40f78c\"><i class=\"fas fa-check\"><\/i><span>4 vCore garantiert<\/span><\/li>\n\t\t\t\t\t\t\t\t\t\t<li class=\"elementor-repeater-item-f40f78c elementor-repeater-item-2225c79\"><i class=\"ion ion-checkmark\"><\/i><span>8GB RAM garantiert<\/span><\/li>\n\t\t\t\t\t\t\t\t\t\t<li class=\"elementor-repeater-item-f40f78c elementor-repeater-item-2225c79 elementor-repeater-item-9456528\"><i class=\"ion ion-checkmark\"><\/i><span>200GB SSD-Speicherplatz<\/span><\/li>\n\t\t\t\t\t\t\t\t\t\t<li class=\"elementor-repeater-item-f40f78c elementor-repeater-item-2225c79 elementor-repeater-item-9456528 elementor-repeater-item-9448133\"><i class=\"fas fa-check\"><\/i><span>Anbindung 1000 MBit<\/span><\/li>\n\t\t\t\t\t\t\t\t\t\t<li class=\"elementor-repeater-item-f40f78c elementor-repeater-item-2225c79 elementor-repeater-item-9456528 elementor-repeater-item-9448133 elementor-repeater-item-21a5027\"><i class=\"fas fa-check\"><\/i><span>40TB Traffic inklusive<\/span><\/li>\n\t\t\t\t\t\t\t\t\t\t<li class=\"elementor-repeater-item-f40f78c elementor-repeater-item-2225c79 elementor-repeater-item-9456528 elementor-repeater-item-9448133 elementor-repeater-item-21a5027 elementor-repeater-item-01110a4\"><i class=\"fas fa-check\"><\/i><span>inkl. 1 IP-Adresse \/ Reverse-DNS<\/span><\/li>\n\t\t\t\t\t\t\t\t\t\t<li class=\"elementor-repeater-item-f40f78c elementor-repeater-item-2225c79 elementor-repeater-item-9456528 elementor-repeater-item-9448133 elementor-repeater-item-21a5027 elementor-repeater-item-01110a4 elementor-repeater-item-1cb5614\"><i class=\"ion ion-checkmark\"><\/i><span>Management-Interface<\/span><\/li>\n\t\t\t\t\t\t\t\t\t<\/ul>\n\t\t\t<\/div>\n\t\t\t\t\t<\/div>\n\t\t\t\t\t\t<\/div>\n\t\t\t\t<\/div>\n\t\t\t\t\t<\/div>\n\t\t<\/div>\n\t\t\t\t<div class=\"elementor-column elementor-col-25 elementor-top-column elementor-element elementor-element-a99885f\" data-id=\"a99885f\" data-element_type=\"column\" data-e-type=\"column\">\n\t\t\t<div class=\"elementor-widget-wrap elementor-element-populated\">\n\t\t\t\t\t\t<div class=\"elementor-element elementor-element-9645171 elementor-widget elementor-widget-finix_pricing\" data-id=\"9645171\" data-element_type=\"widget\" data-e-type=\"widget\" data-widget_type=\"finix_pricing.default\">\n\t\t\t\t<div class=\"elementor-widget-container\">\n\t\t\t\t\t\t\t<div class=\"pricing-table pricing-2\">\n\t\t\t<header class=\"pricing-header \">\n\t\t\t\t\t\t\t\t\t\t\t\t\t  <h5 class=\"pricing-title\">VPS M SSD<\/h5>\n\t\t\t\t\t\t\t\t<div class=\"pricing-icon\"><\/div>\n\t\t\t\t<div class=\"pricing-price\">12,- \u20ac<span>\n\t\t\t\t\/ monatlich<\/span><\/div>\n\t\t\t<\/header>\n\t\t\t<div class=\"pricing-content \">\n\t\t\t\t<ul class=\"pricing-list icon-right\t\">\n\t\t\t\t\t\t\t\t\t\t<li class=\"elementor-repeater-item-f40f78c\"><i class=\"fas fa-check\"><\/i><span>6 vCore garantiert<\/span><\/li>\n\t\t\t\t\t\t\t\t\t\t<li class=\"elementor-repeater-item-f40f78c elementor-repeater-item-2225c79\"><i class=\"ion ion-checkmark\"><\/i><span>16GB RAM garantiert<\/span><\/li>\n\t\t\t\t\t\t\t\t\t\t<li class=\"elementor-repeater-item-f40f78c elementor-repeater-item-2225c79 elementor-repeater-item-9456528\"><i class=\"ion ion-checkmark\"><\/i><span>400GB SSD-Speicherplatz<\/span><\/li>\n\t\t\t\t\t\t\t\t\t\t<li class=\"elementor-repeater-item-f40f78c elementor-repeater-item-2225c79 elementor-repeater-item-9456528 elementor-repeater-item-9448133\"><i class=\"fas fa-check\"><\/i><span>Anbindung 1000 MBit<\/span><\/li>\n\t\t\t\t\t\t\t\t\t\t<li class=\"elementor-repeater-item-f40f78c elementor-repeater-item-2225c79 elementor-repeater-item-9456528 elementor-repeater-item-9448133 elementor-repeater-item-21a5027\"><i class=\"fas fa-check\"><\/i><span>40TB Traffic inklusive<\/span><\/li>\n\t\t\t\t\t\t\t\t\t\t<li class=\"elementor-repeater-item-f40f78c elementor-repeater-item-2225c79 elementor-repeater-item-9456528 elementor-repeater-item-9448133 elementor-repeater-item-21a5027 elementor-repeater-item-01110a4\"><i class=\"fas fa-check\"><\/i><span>inkl. 1 IP-Adresse \/ Reverse-DNS<\/span><\/li>\n\t\t\t\t\t\t\t\t\t\t<li class=\"elementor-repeater-item-f40f78c elementor-repeater-item-2225c79 elementor-repeater-item-9456528 elementor-repeater-item-9448133 elementor-repeater-item-21a5027 elementor-repeater-item-01110a4 elementor-repeater-item-1cb5614\"><i class=\"ion ion-checkmark\"><\/i><span>Management-Interface<\/span><\/li>\n\t\t\t\t\t\t\t\t\t<\/ul>\n\t\t\t<\/div>\n\t\t\t\t\t<\/div>\n\t\t\t\t\t\t<\/div>\n\t\t\t\t<\/div>\n\t\t\t\t\t<\/div>\n\t\t<\/div>\n\t\t\t\t<div class=\"elementor-column elementor-col-25 elementor-top-column elementor-element elementor-element-2a0515c\" data-id=\"2a0515c\" data-element_type=\"column\" data-e-type=\"column\">\n\t\t\t<div class=\"elementor-widget-wrap elementor-element-populated\">\n\t\t\t\t\t\t<div class=\"elementor-element elementor-element-a5a4bb0 elementor-widget elementor-widget-finix_pricing\" data-id=\"a5a4bb0\" data-element_type=\"widget\" data-e-type=\"widget\" data-widget_type=\"finix_pricing.default\">\n\t\t\t\t<div class=\"elementor-widget-container\">\n\t\t\t\t\t\t\t<div class=\"pricing-table pricing-2\">\n\t\t\t<header class=\"pricing-header \">\n\t\t\t\t\t\t\t\t\t\t\t\t\t  <h5 class=\"pricing-title\">VPS L SSD<\/h5>\n\t\t\t\t\t\t\t\t<div class=\"pricing-icon\"><\/div>\n\t\t\t\t<div class=\"pricing-price\">18,- \u20ac<span>\n\t\t\t\t\/ monatlich<\/span><\/div>\n\t\t\t<\/header>\n\t\t\t<div class=\"pricing-content \">\n\t\t\t\t<ul class=\"pricing-list icon-right\t\">\n\t\t\t\t\t\t\t\t\t\t<li class=\"elementor-repeater-item-f40f78c\"><i class=\"fas fa-check\"><\/i><span>8 vCore garantiert<\/span><\/li>\n\t\t\t\t\t\t\t\t\t\t<li class=\"elementor-repeater-item-f40f78c elementor-repeater-item-2225c79\"><i class=\"ion ion-checkmark\"><\/i><span>24GB RAM garantiert<\/span><\/li>\n\t\t\t\t\t\t\t\t\t\t<li class=\"elementor-repeater-item-f40f78c elementor-repeater-item-2225c79 elementor-repeater-item-9456528\"><i class=\"ion ion-checkmark\"><\/i><span>600GB SSD-Speicherplatz<\/span><\/li>\n\t\t\t\t\t\t\t\t\t\t<li class=\"elementor-repeater-item-f40f78c elementor-repeater-item-2225c79 elementor-repeater-item-9456528 elementor-repeater-item-9448133\"><i class=\"fas fa-check\"><\/i><span>Anbindung 1000 MBit<\/span><\/li>\n\t\t\t\t\t\t\t\t\t\t<li class=\"elementor-repeater-item-f40f78c elementor-repeater-item-2225c79 elementor-repeater-item-9456528 elementor-repeater-item-9448133 elementor-repeater-item-21a5027\"><i class=\"fas fa-check\"><\/i><span>40TB Traffic inklusive<\/span><\/li>\n\t\t\t\t\t\t\t\t\t\t<li class=\"elementor-repeater-item-f40f78c elementor-repeater-item-2225c79 elementor-repeater-item-9456528 elementor-repeater-item-9448133 elementor-repeater-item-21a5027 elementor-repeater-item-01110a4\"><i class=\"fas fa-check\"><\/i><span>inkl. 1 IP-Adresse \/ Reverse-DNS<\/span><\/li>\n\t\t\t\t\t\t\t\t\t\t<li class=\"elementor-repeater-item-f40f78c elementor-repeater-item-2225c79 elementor-repeater-item-9456528 elementor-repeater-item-9448133 elementor-repeater-item-21a5027 elementor-repeater-item-01110a4 elementor-repeater-item-1cb5614\"><i class=\"ion ion-checkmark\"><\/i><span>Management-Interface<\/span><\/li>\n\t\t\t\t\t\t\t\t\t<\/ul>\n\t\t\t<\/div>\n\t\t\t\t\t<\/div>\n\t\t\t\t\t\t<\/div>\n\t\t\t\t<\/div>\n\t\t\t\t\t<\/div>\n\t\t<\/div>\n\t\t\t\t<div class=\"elementor-column elementor-col-25 elementor-top-column elementor-element elementor-element-ebc510b\" data-id=\"ebc510b\" data-element_type=\"column\" data-e-type=\"column\">\n\t\t\t<div class=\"elementor-widget-wrap elementor-element-populated\">\n\t\t\t\t\t\t<div class=\"elementor-element elementor-element-b0be083 elementor-widget elementor-widget-finix_pricing\" data-id=\"b0be083\" data-element_type=\"widget\" data-e-type=\"widget\" data-widget_type=\"finix_pricing.default\">\n\t\t\t\t<div class=\"elementor-widget-container\">\n\t\t\t\t\t\t\t<div class=\"pricing-table pricing-2\">\n\t\t\t<header class=\"pricing-header \">\n\t\t\t\t\t\t\t\t\t\t\t\t\t  <h5 class=\"pricing-title\">VPS XL SSD<\/h5>\n\t\t\t\t\t\t\t\t<div class=\"pricing-icon\"><\/div>\n\t\t\t\t<div class=\"pricing-price\">32,- \u20ac<span>\n\t\t\t\t\/ monatlich<\/span><\/div>\n\t\t\t<\/header>\n\t\t\t<div class=\"pricing-content \">\n\t\t\t\t<ul class=\"pricing-list icon-right\t\">\n\t\t\t\t\t\t\t\t\t\t<li class=\"elementor-repeater-item-f40f78c\"><i class=\"fas fa-check\"><\/i><span>10 vCore garantiert<\/span><\/li>\n\t\t\t\t\t\t\t\t\t\t<li class=\"elementor-repeater-item-f40f78c elementor-repeater-item-2225c79\"><i class=\"ion ion-checkmark\"><\/i><span>48GB RAM garantiert<\/span><\/li>\n\t\t\t\t\t\t\t\t\t\t<li class=\"elementor-repeater-item-f40f78c elementor-repeater-item-2225c79 elementor-repeater-item-9456528\"><i class=\"ion ion-checkmark\"><\/i><span>800GB SSD-Speicherplatz<\/span><\/li>\n\t\t\t\t\t\t\t\t\t\t<li class=\"elementor-repeater-item-f40f78c elementor-repeater-item-2225c79 elementor-repeater-item-9456528 elementor-repeater-item-9448133\"><i class=\"fas fa-check\"><\/i><span>Anbindung 1000 MBit<\/span><\/li>\n\t\t\t\t\t\t\t\t\t\t<li class=\"elementor-repeater-item-f40f78c elementor-repeater-item-2225c79 elementor-repeater-item-9456528 elementor-repeater-item-9448133 elementor-repeater-item-21a5027\"><i class=\"fas fa-check\"><\/i><span>40TB Traffic inklusive<\/span><\/li>\n\t\t\t\t\t\t\t\t\t\t<li class=\"elementor-repeater-item-f40f78c elementor-repeater-item-2225c79 elementor-repeater-item-9456528 elementor-repeater-item-9448133 elementor-repeater-item-21a5027 elementor-repeater-item-01110a4\"><i class=\"fas fa-check\"><\/i><span>inkl. 1 IP-Adresse \/ Reverse-DNS<\/span><\/li>\n\t\t\t\t\t\t\t\t\t\t<li class=\"elementor-repeater-item-f40f78c elementor-repeater-item-2225c79 elementor-repeater-item-9456528 elementor-repeater-item-9448133 elementor-repeater-item-21a5027 elementor-repeater-item-01110a4 elementor-repeater-item-1cb5614\"><i class=\"ion ion-checkmark\"><\/i><span>Management-Interface<\/span><\/li>\n\t\t\t\t\t\t\t\t\t<\/ul>\n\t\t\t<\/div>\n\t\t\t\t\t<\/div>\n\t\t\t\t\t\t<\/div>\n\t\t\t\t<\/div>\n\t\t\t\t\t<\/div>\n\t\t<\/div>\n\t\t\t\t\t<\/div>\n\t\t<\/section>\n\t\t\t\t<section class=\"elementor-section elementor-top-section elementor-element elementor-element-e8d4ef8 elementor-section-boxed elementor-section-height-default elementor-section-height-default\" data-id=\"e8d4ef8\" data-element_type=\"section\" data-e-type=\"section\">\n\t\t\t\t\t\t<div class=\"elementor-container elementor-column-gap-default\">\n\t\t\t\t\t<div class=\"elementor-column elementor-col-100 elementor-top-column elementor-element elementor-element-1bcea3b\" data-id=\"1bcea3b\" data-element_type=\"column\" data-e-type=\"column\">\n\t\t\t<div class=\"elementor-widget-wrap elementor-element-populated\">\n\t\t\t\t\t\t<div class=\"elementor-element elementor-element-f1f8c80 elementor-button-info elementor-align-center elementor-widget elementor-widget-button\" data-id=\"f1f8c80\" data-element_type=\"widget\" data-e-type=\"widget\" data-widget_type=\"button.default\">\n\t\t\t\t<div class=\"elementor-widget-container\">\n\t\t\t\t\t\t\t\t\t<div class=\"elementor-button-wrapper\">\n\t\t\t\t\t<a class=\"elementor-button elementor-button-link elementor-size-xl\" href=\"http:\/\/www.all-domains.de\/order\/kvml.html\" target=\"_blank\">\n\t\t\t\t\t\t<span class=\"elementor-button-content-wrapper\">\n\t\t\t\t\t\t\t\t\t<span class=\"elementor-button-text\">zur Bestellung<\/span>\n\t\t\t\t\t<\/span>\n\t\t\t\t\t<\/a>\n\t\t\t\t<\/div>\n\t\t\t\t\t\t\t\t<\/div>\n\t\t\t\t<\/div>\n\t\t\t\t\t<\/div>\n\t\t<\/div>\n\t\t\t\t\t<\/div>\n\t\t<\/section>\n\t\t\t\t<section class=\"elementor-section elementor-top-section elementor-element elementor-element-c90bbd0 elementor-section-boxed elementor-section-height-default elementor-section-height-default\" data-id=\"c90bbd0\" data-element_type=\"section\" data-e-type=\"section\">\n\t\t\t\t\t\t<div class=\"elementor-container elementor-column-gap-default\">\n\t\t\t\t\t<div class=\"elementor-column elementor-col-100 elementor-top-column elementor-element elementor-element-3c34690\" data-id=\"3c34690\" data-element_type=\"column\" data-e-type=\"column\">\n\t\t\t<div class=\"elementor-widget-wrap\">\n\t\t\t\t\t\t\t<\/div>\n\t\t<\/div>\n\t\t\t\t\t<\/div>\n\t\t<\/section>\n\t\t\t\t<section class=\"elementor-section elementor-top-section elementor-element elementor-element-15c8770 elementor-section-boxed elementor-section-height-default elementor-section-height-default\" data-id=\"15c8770\" data-element_type=\"section\" data-e-type=\"section\">\n\t\t\t\t\t\t<div class=\"elementor-container elementor-column-gap-default\">\n\t\t\t\t\t<div class=\"elementor-column elementor-col-100 elementor-top-column elementor-element elementor-element-cab1a0f\" data-id=\"cab1a0f\" data-element_type=\"column\" data-e-type=\"column\">\n\t\t\t<div class=\"elementor-widget-wrap elementor-element-populated\">\n\t\t\t\t\t\t<div class=\"elementor-element elementor-element-35d9e36 elementor-widget elementor-widget-text-editor\" data-id=\"35d9e36\" data-element_type=\"widget\" data-e-type=\"widget\" data-widget_type=\"text-editor.default\">\n\t\t\t\t<div class=\"elementor-widget-container\">\n\t\t\t\t\t\t\t\t\t<p style=\"text-align: center;\">\n<\/p><p style=\"text-align: center;\">Der Betrieb der Server erfolgt in einem der modernsten Rechenzentren Europas, das Rechenzentrum der myLoc AG in D\u00fcsseldorf.<\/p>\n<p style=\"text-align: center;\">Das Rechenzentrum verf\u00fcgt \u00fcber 100% \u00d6kostrom aus regenerativen Erzeugungsquellen und Klimaversorgung und besitzt eine USV-Stromversorgung..<\/p>\n<p style=\"text-align: center;\">Das Rechenzentrum garantiert eine Verf\u00fcgbarkeit von 99,8% im Jahresmittel.<\/p>\n<ul>\n<li class=\"mb-1 flex\">Standort in D\u00fcsseldorf<\/li>\n<li class=\"mb-1 flex\">Voxility DDoS Protection<\/li>\n<li class=\"mb-1 flex\">100% \u00d6kostrom<\/li>\n<li class=\"mb-1 flex\">redundante Stromf\u00fchrungen (A+B+C+D Feed)<\/li>\n<li class=\"mb-1 flex\">unmittelbare N\u00e4he zum Internet Knoten DUS-CIX<\/li>\n<li class=\"mb-1 flex\">Betrieb der Server im RAID-Verbund<\/li>\n<li class=\"mb-1 flex\">ausschlie\u00dflich Serverhardware in Nutzung<\/li>\n<\/ul>\t\t\t\t\t\t\t\t<\/div>\n\t\t\t\t<\/div>\n\t\t\t\t\t<\/div>\n\t\t<\/div>\n\t\t\t\t\t<\/div>\n\t\t<\/section>\n\t\t\t\t<\/div>\n\t\t","protected":false},"excerpt":{"rendered":"<p>VPS S SSD 6,- \u20ac \/ monatlich 4 vCore garantiert 8GB RAM garantiert 200GB SSD-Speicherplatz Anbindung 1000 MBit 40TB Traffic inklusive inkl. 1 IP-Adresse \/ Reverse-DNS Management-Interface VPS M SSD 12,- \u20ac \/ monatlich 6 vCore garantiert 16GB RAM garantiert 400GB SSD-Speicherplatz Anbindung 1000 MBit 40TB Traffic inklusive inkl. 1 IP-Adresse \/ Reverse-DNS Management-Interface VPS [&hellip;]<\/p>\n","protected":false},"author":1,"featured_media":0,"parent":7877,"menu_order":0,"comment_status":"closed","ping_status":"closed","template":"elementor_header_footer","meta":{"_acf_changed":false,"_monsterinsights_skip_tracking":false,"_monsterinsights_sitenote_active":false,"_monsterinsights_sitenote_note":"","_monsterinsights_sitenote_category":0,"footnotes":""},"class_list":["post-7317","page","type-page","status-publish","hentry"],"acf":[],"aioseo_notices":[],"jetpack_sharing_enabled":true,"_links":{"self":[{"href":"https:\/\/www.all-domains.de\/index.php\/wp-json\/wp\/v2\/pages\/7317","targetHints":{"allow":["GET"]}}],"collection":[{"href":"https:\/\/www.all-domains.de\/index.php\/wp-json\/wp\/v2\/pages"}],"about":[{"href":"https:\/\/www.all-domains.de\/index.php\/wp-json\/wp\/v2\/types\/page"}],"author":[{"embeddable":true,"href":"https:\/\/www.all-domains.de\/index.php\/wp-json\/wp\/v2\/users\/1"}],"replies":[{"embeddable":true,"href":"https:\/\/www.all-domains.de\/index.php\/wp-json\/wp\/v2\/comments?post=7317"}],"version-history":[{"count":70,"href":"https:\/\/www.all-domains.de\/index.php\/wp-json\/wp\/v2\/pages\/7317\/revisions"}],"predecessor-version":[{"id":8733,"href":"https:\/\/www.all-domains.de\/index.php\/wp-json\/wp\/v2\/pages\/7317\/revisions\/8733"}],"up":[{"embeddable":true,"href":"https:\/\/www.all-domains.de\/index.php\/wp-json\/wp\/v2\/pages\/7877"}],"wp:attachment":[{"href":"https:\/\/www.all-domains.de\/index.php\/wp-json\/wp\/v2\/media?parent=7317"}],"curies":[{"name":"wp","href":"https:\/\/api.w.org\/{rel}","templated":true}]}}