{"id":7397,"date":"2023-08-04T15:25:22","date_gmt":"2023-08-04T15:25:22","guid":{"rendered":"http:\/\/www.all-domains.de\/?page_id=7397"},"modified":"2026-02-02T10:47:54","modified_gmt":"2026-02-02T10:47:54","slug":"kvm-server-mit-nvme","status":"publish","type":"page","link":"https:\/\/www.all-domains.de\/index.php\/serverdienste\/kvm-server-mit-nvme\/","title":{"rendered":"KVM-Server mit NVMe"},"content":{"rendered":"\t\t<div data-elementor-type=\"wp-page\" data-elementor-id=\"7397\" class=\"elementor elementor-7397\">\n\t\t\t\t\t\t<section class=\"elementor-section elementor-top-section elementor-element elementor-element-245abbd elementor-section-boxed elementor-section-height-default elementor-section-height-default\" data-id=\"245abbd\" data-element_type=\"section\" data-e-type=\"section\">\n\t\t\t\t\t\t<div class=\"elementor-container elementor-column-gap-default\">\n\t\t\t\t\t<div class=\"elementor-column elementor-col-100 elementor-top-column elementor-element elementor-element-c6b9a51\" data-id=\"c6b9a51\" data-element_type=\"column\" data-e-type=\"column\">\n\t\t\t<div class=\"elementor-widget-wrap\">\n\t\t\t\t\t\t\t<\/div>\n\t\t<\/div>\n\t\t\t\t\t<\/div>\n\t\t<\/section>\n\t\t\t\t<section class=\"elementor-section elementor-top-section elementor-element elementor-element-655c8be elementor-section-boxed elementor-section-height-default elementor-section-height-default\" data-id=\"655c8be\" data-element_type=\"section\" data-e-type=\"section\">\n\t\t\t\t\t\t<div class=\"elementor-container elementor-column-gap-default\">\n\t\t\t\t\t<div class=\"elementor-column elementor-col-25 elementor-top-column elementor-element elementor-element-7c7869d\" data-id=\"7c7869d\" data-element_type=\"column\" data-e-type=\"column\">\n\t\t\t<div class=\"elementor-widget-wrap elementor-element-populated\">\n\t\t\t\t\t\t<div class=\"elementor-element elementor-element-208d47d elementor-widget elementor-widget-finix_pricing\" data-id=\"208d47d\" data-element_type=\"widget\" data-e-type=\"widget\" data-widget_type=\"finix_pricing.default\">\n\t\t\t\t<div class=\"elementor-widget-container\">\n\t\t\t\t\t\t\t<div class=\"pricing-table pricing-2\">\n\t\t\t<header class=\"pricing-header \">\n\t\t\t\t\t\t\t\t\t\t\t\t\t  <h5 class=\"pricing-title\">VPS S NVMe<\/h5>\n\t\t\t\t\t\t\t\t<div class=\"pricing-icon\"><\/div>\n\t\t\t\t<div class=\"pricing-price\">6,- \u20ac<span>\n\t\t\t\t\/ monatlich<\/span><\/div>\n\t\t\t<\/header>\n\t\t\t<div class=\"pricing-content \">\n\t\t\t\t<ul class=\"pricing-list icon-right\t\">\n\t\t\t\t\t\t\t\t\t\t<li class=\"elementor-repeater-item-f40f78c\"><i class=\"fas fa-check\"><\/i><span>4 vCore garantiert<\/span><\/li>\n\t\t\t\t\t\t\t\t\t\t<li class=\"elementor-repeater-item-f40f78c elementor-repeater-item-2225c79\"><i class=\"ion ion-checkmark\"><\/i><span>8GB RAM garantiert<\/span><\/li>\n\t\t\t\t\t\t\t\t\t\t<li class=\"elementor-repeater-item-f40f78c elementor-repeater-item-2225c79 elementor-repeater-item-9456528\"><i class=\"ion ion-checkmark\"><\/i><span>100GB NVMe-Speicherplatz<\/span><\/li>\n\t\t\t\t\t\t\t\t\t\t<li class=\"elementor-repeater-item-f40f78c elementor-repeater-item-2225c79 elementor-repeater-item-9456528 elementor-repeater-item-9448133\"><i class=\"fas fa-check\"><\/i><span>Anbindung 1000 MBit<\/span><\/li>\n\t\t\t\t\t\t\t\t\t\t<li class=\"elementor-repeater-item-f40f78c elementor-repeater-item-2225c79 elementor-repeater-item-9456528 elementor-repeater-item-9448133 elementor-repeater-item-21a5027\"><i class=\"fas fa-check\"><\/i><span>40TB Traffic inklusive<\/span><\/li>\n\t\t\t\t\t\t\t\t\t\t<li class=\"elementor-repeater-item-f40f78c elementor-repeater-item-2225c79 elementor-repeater-item-9456528 elementor-repeater-item-9448133 elementor-repeater-item-21a5027 elementor-repeater-item-01110a4\"><i class=\"fas fa-check\"><\/i><span>inkl. 1 IP-Adresse \/ Reverse-DNS<\/span><\/li>\n\t\t\t\t\t\t\t\t\t\t<li class=\"elementor-repeater-item-f40f78c elementor-repeater-item-2225c79 elementor-repeater-item-9456528 elementor-repeater-item-9448133 elementor-repeater-item-21a5027 elementor-repeater-item-01110a4 elementor-repeater-item-1cb5614\"><i class=\"ion ion-checkmark\"><\/i><span>Management-Interface<\/span><\/li>\n\t\t\t\t\t\t\t\t\t<\/ul>\n\t\t\t<\/div>\n\t\t\t\t\t<\/div>\n\t\t\t\t\t\t<\/div>\n\t\t\t\t<\/div>\n\t\t\t\t\t<\/div>\n\t\t<\/div>\n\t\t\t\t<div class=\"elementor-column elementor-col-25 elementor-top-column elementor-element elementor-element-7933891\" data-id=\"7933891\" data-element_type=\"column\" data-e-type=\"column\">\n\t\t\t<div class=\"elementor-widget-wrap elementor-element-populated\">\n\t\t\t\t\t\t<div class=\"elementor-element elementor-element-7a08441 elementor-widget elementor-widget-finix_pricing\" data-id=\"7a08441\" data-element_type=\"widget\" data-e-type=\"widget\" data-widget_type=\"finix_pricing.default\">\n\t\t\t\t<div class=\"elementor-widget-container\">\n\t\t\t\t\t\t\t<div class=\"pricing-table pricing-2\">\n\t\t\t<header class=\"pricing-header \">\n\t\t\t\t\t\t\t\t\t\t\t\t\t  <h5 class=\"pricing-title\">VPS M NVMe<\/h5>\n\t\t\t\t\t\t\t\t<div class=\"pricing-icon\"><\/div>\n\t\t\t\t<div class=\"pricing-price\">12,- \u20ac<span>\n\t\t\t\t\/ monatlich<\/span><\/div>\n\t\t\t<\/header>\n\t\t\t<div class=\"pricing-content \">\n\t\t\t\t<ul class=\"pricing-list icon-right\t\">\n\t\t\t\t\t\t\t\t\t\t<li class=\"elementor-repeater-item-f40f78c\"><i class=\"fas fa-check\"><\/i><span>6 vCore garantiert<\/span><\/li>\n\t\t\t\t\t\t\t\t\t\t<li class=\"elementor-repeater-item-f40f78c elementor-repeater-item-2225c79\"><i class=\"ion ion-checkmark\"><\/i><span>16GB RAM garantiert<\/span><\/li>\n\t\t\t\t\t\t\t\t\t\t<li class=\"elementor-repeater-item-f40f78c elementor-repeater-item-2225c79 elementor-repeater-item-9456528\"><i class=\"ion ion-checkmark\"><\/i><span>150GB NVMe-Speicherplatz<\/span><\/li>\n\t\t\t\t\t\t\t\t\t\t<li class=\"elementor-repeater-item-f40f78c elementor-repeater-item-2225c79 elementor-repeater-item-9456528 elementor-repeater-item-9448133\"><i class=\"fas fa-check\"><\/i><span>Anbindung 1000 MBit<\/span><\/li>\n\t\t\t\t\t\t\t\t\t\t<li class=\"elementor-repeater-item-f40f78c elementor-repeater-item-2225c79 elementor-repeater-item-9456528 elementor-repeater-item-9448133 elementor-repeater-item-21a5027\"><i class=\"fas fa-check\"><\/i><span>40TB Traffic inklusive<\/span><\/li>\n\t\t\t\t\t\t\t\t\t\t<li class=\"elementor-repeater-item-f40f78c elementor-repeater-item-2225c79 elementor-repeater-item-9456528 elementor-repeater-item-9448133 elementor-repeater-item-21a5027 elementor-repeater-item-01110a4\"><i class=\"fas fa-check\"><\/i><span>inkl. 1 IP-Adresse \/ Reverse-DNS<\/span><\/li>\n\t\t\t\t\t\t\t\t\t\t<li class=\"elementor-repeater-item-f40f78c elementor-repeater-item-2225c79 elementor-repeater-item-9456528 elementor-repeater-item-9448133 elementor-repeater-item-21a5027 elementor-repeater-item-01110a4 elementor-repeater-item-1cb5614\"><i class=\"ion ion-checkmark\"><\/i><span>Management-Interface<\/span><\/li>\n\t\t\t\t\t\t\t\t\t<\/ul>\n\t\t\t<\/div>\n\t\t\t\t\t<\/div>\n\t\t\t\t\t\t<\/div>\n\t\t\t\t<\/div>\n\t\t\t\t\t<\/div>\n\t\t<\/div>\n\t\t\t\t<div class=\"elementor-column elementor-col-25 elementor-top-column elementor-element elementor-element-7ffd000\" data-id=\"7ffd000\" data-element_type=\"column\" data-e-type=\"column\">\n\t\t\t<div class=\"elementor-widget-wrap elementor-element-populated\">\n\t\t\t\t\t\t<div class=\"elementor-element elementor-element-fb67856 elementor-widget elementor-widget-finix_pricing\" data-id=\"fb67856\" data-element_type=\"widget\" data-e-type=\"widget\" data-widget_type=\"finix_pricing.default\">\n\t\t\t\t<div class=\"elementor-widget-container\">\n\t\t\t\t\t\t\t<div class=\"pricing-table pricing-2\">\n\t\t\t<header class=\"pricing-header \">\n\t\t\t\t\t\t\t\t\t\t\t\t\t  <h5 class=\"pricing-title\">VPS L NVMe<\/h5>\n\t\t\t\t\t\t\t\t<div class=\"pricing-icon\"><\/div>\n\t\t\t\t<div class=\"pricing-price\">18,- \u20ac<span>\n\t\t\t\t\/ monatlich<\/span><\/div>\n\t\t\t<\/header>\n\t\t\t<div class=\"pricing-content \">\n\t\t\t\t<ul class=\"pricing-list icon-right\t\">\n\t\t\t\t\t\t\t\t\t\t<li class=\"elementor-repeater-item-f40f78c\"><i class=\"fas fa-check\"><\/i><span>8 vCore garantiert<\/span><\/li>\n\t\t\t\t\t\t\t\t\t\t<li class=\"elementor-repeater-item-f40f78c elementor-repeater-item-2225c79\"><i class=\"ion ion-checkmark\"><\/i><span>24GB RAM garantiert<\/span><\/li>\n\t\t\t\t\t\t\t\t\t\t<li class=\"elementor-repeater-item-f40f78c elementor-repeater-item-2225c79 elementor-repeater-item-9456528\"><i class=\"ion ion-checkmark\"><\/i><span>200GB NVMe-Speicherplatz<\/span><\/li>\n\t\t\t\t\t\t\t\t\t\t<li class=\"elementor-repeater-item-f40f78c elementor-repeater-item-2225c79 elementor-repeater-item-9456528 elementor-repeater-item-9448133\"><i class=\"fas fa-check\"><\/i><span>Anbindung 1000 MBit<\/span><\/li>\n\t\t\t\t\t\t\t\t\t\t<li class=\"elementor-repeater-item-f40f78c elementor-repeater-item-2225c79 elementor-repeater-item-9456528 elementor-repeater-item-9448133 elementor-repeater-item-21a5027\"><i class=\"fas fa-check\"><\/i><span>40TB Traffic inklusive<\/span><\/li>\n\t\t\t\t\t\t\t\t\t\t<li class=\"elementor-repeater-item-f40f78c elementor-repeater-item-2225c79 elementor-repeater-item-9456528 elementor-repeater-item-9448133 elementor-repeater-item-21a5027 elementor-repeater-item-01110a4\"><i class=\"fas fa-check\"><\/i><span>inkl. 1 IP-Adresse \/ Reverse-DNS<\/span><\/li>\n\t\t\t\t\t\t\t\t\t\t<li class=\"elementor-repeater-item-f40f78c elementor-repeater-item-2225c79 elementor-repeater-item-9456528 elementor-repeater-item-9448133 elementor-repeater-item-21a5027 elementor-repeater-item-01110a4 elementor-repeater-item-1cb5614\"><i class=\"ion ion-checkmark\"><\/i><span>Management-Interface<\/span><\/li>\n\t\t\t\t\t\t\t\t\t<\/ul>\n\t\t\t<\/div>\n\t\t\t\t\t<\/div>\n\t\t\t\t\t\t<\/div>\n\t\t\t\t<\/div>\n\t\t\t\t\t<\/div>\n\t\t<\/div>\n\t\t\t\t<div class=\"elementor-column elementor-col-25 elementor-top-column elementor-element elementor-element-7832684\" data-id=\"7832684\" data-element_type=\"column\" data-e-type=\"column\">\n\t\t\t<div class=\"elementor-widget-wrap elementor-element-populated\">\n\t\t\t\t\t\t<div class=\"elementor-element elementor-element-adc98a3 elementor-widget elementor-widget-finix_pricing\" data-id=\"adc98a3\" data-element_type=\"widget\" data-e-type=\"widget\" data-widget_type=\"finix_pricing.default\">\n\t\t\t\t<div class=\"elementor-widget-container\">\n\t\t\t\t\t\t\t<div class=\"pricing-table pricing-2\">\n\t\t\t<header class=\"pricing-header \">\n\t\t\t\t\t\t\t\t\t\t\t\t\t  <h5 class=\"pricing-title\">VPS XL NVMe<\/h5>\n\t\t\t\t\t\t\t\t<div class=\"pricing-icon\"><\/div>\n\t\t\t\t<div class=\"pricing-price\">32,- \u20ac<span>\n\t\t\t\t\/ monatlich<\/span><\/div>\n\t\t\t<\/header>\n\t\t\t<div class=\"pricing-content \">\n\t\t\t\t<ul class=\"pricing-list icon-right\t\">\n\t\t\t\t\t\t\t\t\t\t<li class=\"elementor-repeater-item-f40f78c\"><i class=\"fas fa-check\"><\/i><span>10 vCore garantiert<\/span><\/li>\n\t\t\t\t\t\t\t\t\t\t<li class=\"elementor-repeater-item-f40f78c elementor-repeater-item-2225c79\"><i class=\"ion ion-checkmark\"><\/i><span>48GB RAM garantiert<\/span><\/li>\n\t\t\t\t\t\t\t\t\t\t<li class=\"elementor-repeater-item-f40f78c elementor-repeater-item-2225c79 elementor-repeater-item-9456528\"><i class=\"ion ion-checkmark\"><\/i><span>400GB NVMe-Speicherplatz<\/span><\/li>\n\t\t\t\t\t\t\t\t\t\t<li class=\"elementor-repeater-item-f40f78c elementor-repeater-item-2225c79 elementor-repeater-item-9456528 elementor-repeater-item-9448133\"><i class=\"fas fa-check\"><\/i><span>Anbindung 1000 MBit<\/span><\/li>\n\t\t\t\t\t\t\t\t\t\t<li class=\"elementor-repeater-item-f40f78c elementor-repeater-item-2225c79 elementor-repeater-item-9456528 elementor-repeater-item-9448133 elementor-repeater-item-21a5027\"><i class=\"fas fa-check\"><\/i><span>40TB Traffic inklusive<\/span><\/li>\n\t\t\t\t\t\t\t\t\t\t<li class=\"elementor-repeater-item-f40f78c elementor-repeater-item-2225c79 elementor-repeater-item-9456528 elementor-repeater-item-9448133 elementor-repeater-item-21a5027 elementor-repeater-item-01110a4\"><i class=\"fas fa-check\"><\/i><span>inkl. 1 IP-Adresse \/ Reverse-DNS<\/span><\/li>\n\t\t\t\t\t\t\t\t\t\t<li class=\"elementor-repeater-item-f40f78c elementor-repeater-item-2225c79 elementor-repeater-item-9456528 elementor-repeater-item-9448133 elementor-repeater-item-21a5027 elementor-repeater-item-01110a4 elementor-repeater-item-1cb5614\"><i class=\"ion ion-checkmark\"><\/i><span>Management-Interface<\/span><\/li>\n\t\t\t\t\t\t\t\t\t<\/ul>\n\t\t\t<\/div>\n\t\t\t\t\t<\/div>\n\t\t\t\t\t\t<\/div>\n\t\t\t\t<\/div>\n\t\t\t\t\t<\/div>\n\t\t<\/div>\n\t\t\t\t\t<\/div>\n\t\t<\/section>\n\t\t\t\t<section class=\"elementor-section elementor-top-section elementor-element elementor-element-7c81b58 elementor-section-boxed elementor-section-height-default elementor-section-height-default\" data-id=\"7c81b58\" data-element_type=\"section\" data-e-type=\"section\">\n\t\t\t\t\t\t<div class=\"elementor-container elementor-column-gap-default\">\n\t\t\t\t\t<div class=\"elementor-column elementor-col-100 elementor-top-column elementor-element elementor-element-c46a9df\" data-id=\"c46a9df\" data-element_type=\"column\" data-e-type=\"column\">\n\t\t\t<div class=\"elementor-widget-wrap elementor-element-populated\">\n\t\t\t\t\t\t<div class=\"elementor-element elementor-element-1a57ab7 elementor-button-info elementor-align-center elementor-widget elementor-widget-button\" data-id=\"1a57ab7\" data-element_type=\"widget\" data-e-type=\"widget\" data-widget_type=\"button.default\">\n\t\t\t\t<div class=\"elementor-widget-container\">\n\t\t\t\t\t\t\t\t\t<div class=\"elementor-button-wrapper\">\n\t\t\t\t\t<a class=\"elementor-button elementor-button-link elementor-size-lg\" href=\"http:\/\/www.all-domains.de\/order\/kvml.html\" target=\"_blank\">\n\t\t\t\t\t\t<span class=\"elementor-button-content-wrapper\">\n\t\t\t\t\t\t\t\t\t<span class=\"elementor-button-text\">zur Bestellung<\/span>\n\t\t\t\t\t<\/span>\n\t\t\t\t\t<\/a>\n\t\t\t\t<\/div>\n\t\t\t\t\t\t\t\t<\/div>\n\t\t\t\t<\/div>\n\t\t\t\t\t<\/div>\n\t\t<\/div>\n\t\t\t\t\t<\/div>\n\t\t<\/section>\n\t\t\t\t<section class=\"elementor-section elementor-top-section elementor-element elementor-element-6d6b0dd elementor-section-boxed elementor-section-height-default elementor-section-height-default\" data-id=\"6d6b0dd\" data-element_type=\"section\" data-e-type=\"section\">\n\t\t\t\t\t\t<div class=\"elementor-container elementor-column-gap-default\">\n\t\t\t\t\t<div class=\"elementor-column elementor-col-100 elementor-top-column elementor-element elementor-element-1e78b74\" data-id=\"1e78b74\" data-element_type=\"column\" data-e-type=\"column\">\n\t\t\t<div class=\"elementor-widget-wrap elementor-element-populated\">\n\t\t\t\t\t\t<div class=\"elementor-element elementor-element-8180740 elementor-widget elementor-widget-text-editor\" data-id=\"8180740\" data-element_type=\"widget\" data-e-type=\"widget\" data-widget_type=\"text-editor.default\">\n\t\t\t\t<div class=\"elementor-widget-container\">\n\t\t\t\t\t\t\t\t\t<p style=\"text-align: center;\">Der Betrieb der Server erfolgt in einem der modernsten Rechenzentren Europas, das Rechenzentrum der myLoc AG in D\u00fcsseldorf.<\/p><p style=\"text-align: center;\">Das Rechenzentrum verf\u00fcgt \u00fcber 100% \u00d6kostrom aus regenerativen Erzeugungsquellen und Klimaversorgung und besitzt eine USV-Stromversorgung..<\/p><p style=\"text-align: center;\">Das Rechenzentrum garantiert eine Verf\u00fcgbarkeit von 99,8% im Jahresmittel.<\/p><ul><li class=\"mb-1 flex\">Standort in D\u00fcsseldorf<\/li><li class=\"mb-1 flex\">Voxility DDoS Protection<\/li><li class=\"mb-1 flex\">100% \u00d6kostrom<\/li><li class=\"mb-1 flex\">redundante Stromf\u00fchrungen (A+B+C+D Feed)<\/li><li class=\"mb-1 flex\">unmittelbare N\u00e4he zum Internet Knoten DUS-CIX<\/li><li class=\"mb-1 flex\">Betrieb der Server im RAID-Verbund<\/li><li class=\"mb-1 flex\">ausschlie\u00dflich Serverhardware in Nutzung<\/li><\/ul>\t\t\t\t\t\t\t\t<\/div>\n\t\t\t\t<\/div>\n\t\t\t\t\t<\/div>\n\t\t<\/div>\n\t\t\t\t\t<\/div>\n\t\t<\/section>\n\t\t\t\t<\/div>\n\t\t","protected":false},"excerpt":{"rendered":"<p>VPS S NVMe 6,- \u20ac \/ monatlich 4 vCore garantiert 8GB RAM garantiert 100GB NVMe-Speicherplatz Anbindung 1000 MBit 40TB Traffic inklusive inkl. 1 IP-Adresse \/ Reverse-DNS Management-Interface VPS M NVMe 12,- \u20ac \/ monatlich 6 vCore garantiert 16GB RAM garantiert 150GB NVMe-Speicherplatz Anbindung 1000 MBit 40TB Traffic inklusive inkl. 1 IP-Adresse \/ Reverse-DNS Management-Interface VPS [&hellip;]<\/p>\n","protected":false},"author":1,"featured_media":0,"parent":7877,"menu_order":0,"comment_status":"closed","ping_status":"closed","template":"elementor_header_footer","meta":{"_acf_changed":false,"_monsterinsights_skip_tracking":false,"_monsterinsights_sitenote_active":false,"_monsterinsights_sitenote_note":"","_monsterinsights_sitenote_category":0,"footnotes":""},"class_list":["post-7397","page","type-page","status-publish","hentry"],"acf":[],"aioseo_notices":[],"jetpack_sharing_enabled":true,"_links":{"self":[{"href":"https:\/\/www.all-domains.de\/index.php\/wp-json\/wp\/v2\/pages\/7397","targetHints":{"allow":["GET"]}}],"collection":[{"href":"https:\/\/www.all-domains.de\/index.php\/wp-json\/wp\/v2\/pages"}],"about":[{"href":"https:\/\/www.all-domains.de\/index.php\/wp-json\/wp\/v2\/types\/page"}],"author":[{"embeddable":true,"href":"https:\/\/www.all-domains.de\/index.php\/wp-json\/wp\/v2\/users\/1"}],"replies":[{"embeddable":true,"href":"https:\/\/www.all-domains.de\/index.php\/wp-json\/wp\/v2\/comments?post=7397"}],"version-history":[{"count":59,"href":"https:\/\/www.all-domains.de\/index.php\/wp-json\/wp\/v2\/pages\/7397\/revisions"}],"predecessor-version":[{"id":8736,"href":"https:\/\/www.all-domains.de\/index.php\/wp-json\/wp\/v2\/pages\/7397\/revisions\/8736"}],"up":[{"embeddable":true,"href":"https:\/\/www.all-domains.de\/index.php\/wp-json\/wp\/v2\/pages\/7877"}],"wp:attachment":[{"href":"https:\/\/www.all-domains.de\/index.php\/wp-json\/wp\/v2\/media?parent=7397"}],"curies":[{"name":"wp","href":"https:\/\/api.w.org\/{rel}","templated":true}]}}