{"id":7421,"date":"2023-08-06T08:30:36","date_gmt":"2023-08-06T08:30:36","guid":{"rendered":"http:\/\/www.all-domains.de\/?page_id=7421"},"modified":"2023-08-06T08:34:40","modified_gmt":"2023-08-06T08:34:40","slug":"domainservice","status":"publish","type":"page","link":"https:\/\/www.all-domains.de\/index.php\/domainservice\/","title":{"rendered":"Domainservice"},"content":{"rendered":"\t\t<div data-elementor-type=\"wp-page\" data-elementor-id=\"7421\" class=\"elementor elementor-7421\">\n\t\t\t\t\t\t<section class=\"elementor-section elementor-top-section elementor-element elementor-element-afdfa2b elementor-section-boxed elementor-section-height-default elementor-section-height-default\" data-id=\"afdfa2b\" data-element_type=\"section\" data-e-type=\"section\">\n\t\t\t\t\t\t<div class=\"elementor-container elementor-column-gap-default\">\n\t\t\t\t\t<div class=\"elementor-column elementor-col-100 elementor-top-column elementor-element elementor-element-a05ba1f\" data-id=\"a05ba1f\" data-element_type=\"column\" data-e-type=\"column\">\n\t\t\t<div class=\"elementor-widget-wrap elementor-element-populated\">\n\t\t\t\t\t\t<div class=\"elementor-element elementor-element-eae84c8 elementor-widget elementor-widget-text-editor\" data-id=\"eae84c8\" data-element_type=\"widget\" data-e-type=\"widget\" data-widget_type=\"text-editor.default\">\n\t\t\t\t<div class=\"elementor-widget-container\">\n\t\t\t\t\t\t\t\t\t<p>Sie wollen Ihr Projekt oder Ihr Unternehmen sichtbar im World Wide Web pr\u00e4sentieren? Sie wollen neue Kunden erreichen, mit bestehenden in Kontakt bleiben oder Ihre Produkte zum Kauf anbieten? Dann ist der erste Schritt, dass Sie eine Domain kaufen. Ihre Domain bildet die Basis f\u00fcr Ihr Webprojekt. Wir sind der richtige Ansprechpartner f\u00fcr Sie. W\u00e4hlen Sie aus den verschiedenen Optionen die passende f\u00fcr Sie, damit Sie Ihre gew\u00fcnschte Domain registrieren.<\/p><h4>Domain kaufen \u2013 welche Optionen gibt es ?<\/h4><div>\u00a0<\/div><p>Wenn Sie eine g\u00fcnstige Domain kaufen wollen, k\u00f6nnen Sie zwischen einer Vielzahl von M\u00f6glichkeiten w\u00e4hlen.<br \/>Zun\u00e4chst sollte Ihre Domain zu Ihnen passen und Ihr Vorhaben widerspiegeln. Zudem m\u00fcssen Sie sich f\u00fcr eine Domain-Endung entscheiden. Diese variiert beispielsweise je nach Land. In Deutschland sind DE-Domains (*.DE) beliebt, in \u00d6sterreich wiederum AT-Domains (*.AT).<br \/>Sie k\u00f6nnen allerdings die Endung auch an Ihrem Projekt oder Ihrem Standort orientieren \u2013 so k\u00f6nnen Sie Domains registrieren mit den Endungen wie z. B. .shop, .blog oder .berlin und .hamburg.<\/p>\t\t\t\t\t\t\t\t<\/div>\n\t\t\t\t<\/div>\n\t\t\t\t\t<\/div>\n\t\t<\/div>\n\t\t\t\t\t<\/div>\n\t\t<\/section>\n\t\t\t\t<section class=\"elementor-section elementor-top-section elementor-element elementor-element-3f92df2 elementor-section-boxed elementor-section-height-default elementor-section-height-default\" data-id=\"3f92df2\" data-element_type=\"section\" data-e-type=\"section\">\n\t\t\t\t\t\t<div class=\"elementor-container elementor-column-gap-default\">\n\t\t\t\t\t<div class=\"elementor-column elementor-col-100 elementor-top-column elementor-element elementor-element-e98a2bb\" data-id=\"e98a2bb\" data-element_type=\"column\" data-e-type=\"column\">\n\t\t\t<div class=\"elementor-widget-wrap elementor-element-populated\">\n\t\t\t\t\t\t<div class=\"elementor-element elementor-element-f5ab058 elementor-widget elementor-widget-finix_domain_check\" data-id=\"f5ab058\" data-element_type=\"widget\" data-e-type=\"widget\" data-widget_type=\"finix_domain_check.default\">\n\t\t\t\t<div class=\"elementor-widget-container\">\n\t\t\t\t\t\t\t<div class=\"domain-check \">\n\t\t\t<div id=\"wp24-dc-1\" class=\"wp24-dc\"><\/div>\t\t\t<div class=\"web-host-title\">\n\t\t\t\t<h6 class=\"main-title\">Domain List Title<\/h6>\n\t\t\t<\/div>\n\n\t\t\t<div class=\"web-host-list\">\n\t\t\t\t<ul>\n\t\t\t\t\t\t\t\t\t<li><span> .com <\/span>$12.50<\/li>\n\t\t\t\t\t\t\t\t\t<li><span> .org <\/span>$12.30<\/li>\n\t\t\t\t\t\t\t\t\t<li><span> .net <\/span>$11.50<\/li>\n\t\t\t\t\t\t\t\t\t<li><span> .co <\/span>$11.25<\/li>\n\t\t\t\t\t\t\t\t\t<li><span> .info <\/span>$9.00<\/li>\n\t\t\t\t\t\t\t\t<\/ul>\n\t\t\t<\/div>\n\t\t<\/div>\n\t\t\t\t\t\t<\/div>\n\t\t\t\t<\/div>\n\t\t\t\t\t<\/div>\n\t\t<\/div>\n\t\t\t\t\t<\/div>\n\t\t<\/section>\n\t\t\t\t<section class=\"elementor-section elementor-top-section elementor-element elementor-element-395437f elementor-section-boxed elementor-section-height-default elementor-section-height-default\" data-id=\"395437f\" data-element_type=\"section\" data-e-type=\"section\">\n\t\t\t\t\t\t<div class=\"elementor-container elementor-column-gap-default\">\n\t\t\t\t\t<div class=\"elementor-column elementor-col-100 elementor-top-column elementor-element elementor-element-fae0127\" data-id=\"fae0127\" data-element_type=\"column\" data-e-type=\"column\">\n\t\t\t<div class=\"elementor-widget-wrap\">\n\t\t\t\t\t\t\t<\/div>\n\t\t<\/div>\n\t\t\t\t\t<\/div>\n\t\t<\/section>\n\t\t\t\t<section class=\"elementor-section elementor-top-section elementor-element elementor-element-8945da9 elementor-section-boxed elementor-section-height-default elementor-section-height-default\" data-id=\"8945da9\" data-element_type=\"section\" data-e-type=\"section\">\n\t\t\t\t\t\t<div class=\"elementor-container elementor-column-gap-default\">\n\t\t\t\t\t<div class=\"elementor-column elementor-col-100 elementor-top-column elementor-element elementor-element-02455cd\" data-id=\"02455cd\" data-element_type=\"column\" data-e-type=\"column\">\n\t\t\t<div class=\"elementor-widget-wrap\">\n\t\t\t\t\t\t\t<\/div>\n\t\t<\/div>\n\t\t\t\t\t<\/div>\n\t\t<\/section>\n\t\t\t\t<section class=\"elementor-section elementor-top-section elementor-element elementor-element-6efc1a8 elementor-section-boxed elementor-section-height-default elementor-section-height-default\" data-id=\"6efc1a8\" data-element_type=\"section\" data-e-type=\"section\">\n\t\t\t\t\t\t<div class=\"elementor-container elementor-column-gap-default\">\n\t\t\t\t\t<div class=\"elementor-column elementor-col-100 elementor-top-column elementor-element elementor-element-0aaf5af\" data-id=\"0aaf5af\" data-element_type=\"column\" data-e-type=\"column\">\n\t\t\t<div class=\"elementor-widget-wrap elementor-element-populated\">\n\t\t\t\t\t\t<div class=\"elementor-element elementor-element-8c3cc26 elementor-widget elementor-widget-text-editor\" data-id=\"8c3cc26\" data-element_type=\"widget\" data-e-type=\"widget\" data-widget_type=\"text-editor.default\">\n\t\t\t\t<div class=\"elementor-widget-container\">\n\t\t\t\t\t\t\t\t\t<p>Dies ist nur ein kleiner Auszug, insgesamt haben wir 621 verschiedene\n Toplevel-Dom\u00e4nen im Portfolio, die wir f\u00fcr Sie registrieren k\u00f6nnen.<\/p><h5>DNS-Einstellungen<\/h5><p>Sie\n haben die volle Kontrolle \u00fcber Ihre Domains: S\u00e4mtliche Records k\u00f6nnen \nbearbeitet werden. Externe Nameserver lassen sich eintragen.<\/p><h5>&nbsp;<\/h5><h5>Weiterleitungen<\/h5><p>Sie k\u00f6nnen normale HTTP- oder Frame-Weiterleitungen einrichten. E-Mail-Adressen lassen sich nat\u00fcrlich ebenfalls weiterleiten.<\/p><h5>&nbsp;<\/h5><h5>Domain-Inhaber \u00e4ndern<\/h5><p>Bei\n ALL-DOMAINS werden Ihre Domains auf Ihren Namen als Inhaber \neingetragen. Sie haben jederzeit die M\u00f6glichkeit die Inhaberdaten zu \nbearbeiten.<\/p><h5>&nbsp;<\/h5><h5>F\u00fcr Ihren Webspace<\/h5><p>Sie k\u00f6nnen Ihren vorhandenen Webspace mit weiteren Domains erweitern. Verwalten Sie mehrere Webseiten mit nur einem Webspace!<\/p><p><\/p>\t\t\t\t\t\t\t\t<\/div>\n\t\t\t\t<\/div>\n\t\t\t\t\t<\/div>\n\t\t<\/div>\n\t\t\t\t\t<\/div>\n\t\t<\/section>\n\t\t\t\t<\/div>\n\t\t","protected":false},"excerpt":{"rendered":"<p>Sie wollen Ihr Projekt oder Ihr Unternehmen sichtbar im World Wide Web pr\u00e4sentieren? Sie wollen neue Kunden erreichen, mit bestehenden in Kontakt bleiben oder Ihre Produkte zum Kauf anbieten? Dann ist der erste Schritt, dass Sie eine Domain kaufen. Ihre Domain bildet die Basis f\u00fcr Ihr Webprojekt. Wir sind der richtige Ansprechpartner f\u00fcr Sie. W\u00e4hlen [&hellip;]<\/p>\n","protected":false},"author":1,"featured_media":0,"parent":0,"menu_order":0,"comment_status":"closed","ping_status":"closed","template":"elementor_header_footer","meta":{"_acf_changed":false,"_monsterinsights_skip_tracking":false,"_monsterinsights_sitenote_active":false,"_monsterinsights_sitenote_note":"","_monsterinsights_sitenote_category":0,"footnotes":""},"class_list":["post-7421","page","type-page","status-publish","hentry"],"acf":[],"aioseo_notices":[],"jetpack_sharing_enabled":true,"_links":{"self":[{"href":"https:\/\/www.all-domains.de\/index.php\/wp-json\/wp\/v2\/pages\/7421","targetHints":{"allow":["GET"]}}],"collection":[{"href":"https:\/\/www.all-domains.de\/index.php\/wp-json\/wp\/v2\/pages"}],"about":[{"href":"https:\/\/www.all-domains.de\/index.php\/wp-json\/wp\/v2\/types\/page"}],"author":[{"embeddable":true,"href":"https:\/\/www.all-domains.de\/index.php\/wp-json\/wp\/v2\/users\/1"}],"replies":[{"embeddable":true,"href":"https:\/\/www.all-domains.de\/index.php\/wp-json\/wp\/v2\/comments?post=7421"}],"version-history":[{"count":11,"href":"https:\/\/www.all-domains.de\/index.php\/wp-json\/wp\/v2\/pages\/7421\/revisions"}],"predecessor-version":[{"id":7432,"href":"https:\/\/www.all-domains.de\/index.php\/wp-json\/wp\/v2\/pages\/7421\/revisions\/7432"}],"wp:attachment":[{"href":"https:\/\/www.all-domains.de\/index.php\/wp-json\/wp\/v2\/media?parent=7421"}],"curies":[{"name":"wp","href":"https:\/\/api.w.org\/{rel}","templated":true}]}}