{"id":7477,"date":"2023-08-16T09:29:23","date_gmt":"2023-08-16T09:29:23","guid":{"rendered":"http:\/\/www.all-domains.de\/?page_id=7477"},"modified":"2026-02-22T18:46:02","modified_gmt":"2026-02-22T18:46:02","slug":"dompreisendkunde","status":"publish","type":"page","link":"https:\/\/www.all-domains.de\/index.php\/domainservice\/dompreisendkunde\/","title":{"rendered":"Domainpreise Endkunden"},"content":{"rendered":"\t\t<div data-elementor-type=\"wp-page\" data-elementor-id=\"7477\" class=\"elementor elementor-7477\">\n\t\t\t\t\t\t<section class=\"elementor-section elementor-top-section elementor-element elementor-element-ac5f9ba elementor-section-boxed elementor-section-height-default elementor-section-height-default\" data-id=\"ac5f9ba\" data-element_type=\"section\" data-e-type=\"section\">\n\t\t\t\t\t\t<div class=\"elementor-container elementor-column-gap-default\">\n\t\t\t\t\t<div class=\"elementor-column elementor-col-100 elementor-top-column elementor-element elementor-element-954b0d6\" data-id=\"954b0d6\" data-element_type=\"column\" data-e-type=\"column\">\n\t\t\t<div class=\"elementor-widget-wrap elementor-element-populated\">\n\t\t\t\t\t\t<div class=\"elementor-element elementor-element-5ca17ed elementor-widget elementor-widget-image\" data-id=\"5ca17ed\" data-element_type=\"widget\" data-e-type=\"widget\" data-widget_type=\"image.default\">\n\t\t\t\t<div class=\"elementor-widget-container\">\n\t\t\t\t\t\t\t\t\t\t\t\t\t\t\t<img fetchpriority=\"high\" decoding=\"async\" width=\"300\" height=\"200\" src=\"https:\/\/www.all-domains.de\/wp-content\/uploads\/2023\/10\/domains-300x200.jpeg\" class=\"attachment-medium size-medium wp-image-8273\" alt=\"\" srcset=\"https:\/\/www.all-domains.de\/wp-content\/uploads\/2023\/10\/domains-300x200.jpeg 300w, https:\/\/www.all-domains.de\/wp-content\/uploads\/2023\/10\/domains-768x512.jpeg 768w, https:\/\/www.all-domains.de\/wp-content\/uploads\/2023\/10\/domains-400x267.jpeg 400w, https:\/\/www.all-domains.de\/wp-content\/uploads\/2023\/10\/domains.jpeg 1000w\" sizes=\"100vw\" \/>\t\t\t\t\t\t\t\t\t\t\t\t\t\t\t<\/div>\n\t\t\t\t<\/div>\n\t\t\t\t\t<\/div>\n\t\t<\/div>\n\t\t\t\t\t<\/div>\n\t\t<\/section>\n\t\t\t\t<section class=\"elementor-section elementor-top-section elementor-element elementor-element-990270d elementor-section-boxed elementor-section-height-default elementor-section-height-default\" data-id=\"990270d\" data-element_type=\"section\" data-e-type=\"section\">\n\t\t\t\t\t\t<div class=\"elementor-container elementor-column-gap-default\">\n\t\t\t\t\t<div class=\"elementor-column elementor-col-100 elementor-top-column elementor-element elementor-element-2b4043f\" data-id=\"2b4043f\" data-element_type=\"column\" data-e-type=\"column\">\n\t\t\t<div class=\"elementor-widget-wrap elementor-element-populated\">\n\t\t\t\t\t\t<div class=\"elementor-element elementor-element-068954d elementor-widget elementor-widget-text-editor\" data-id=\"068954d\" data-element_type=\"widget\" data-e-type=\"widget\" data-widget_type=\"text-editor.default\">\n\t\t\t\t<div class=\"elementor-widget-container\">\n\t\t\t\t\t\t\t\t\t<p><b>Unsere aktuellen Domainpreise<sup>1) 2)<\/sup><\/b><\/p><p>(Irrtum vorbehalten)<\/p><p>Bitte haben Sie Verst\u00e4ndnis, das wir sog. &#8220;Sub-Dom\u00e4nen&#8221; wie &#8220;.co.uk&#8221; nur auf Nachfrage anbieten.<\/p><p>Ebenso registrieren wir zur Zeit keine &#8220;.ru&#8221;-Dom\u00e4nen.<\/p><p>Profitieren Sie von unserem DNS-Infrastruktur-Service, f\u00fcr die maximale Verf\u00fcgbarkeit Ihrer Dom\u00e4nen. Mit NodeSecure sind die Zonen weltweit verteilt und stets erreichbar.<\/p>\t\t\t\t\t\t\t\t<\/div>\n\t\t\t\t<\/div>\n\t\t\t\t\t<\/div>\n\t\t<\/div>\n\t\t\t\t\t<\/div>\n\t\t<\/section>\n\t\t\t\t<section class=\"elementor-section elementor-top-section elementor-element elementor-element-bff53db elementor-section-boxed elementor-section-height-default elementor-section-height-default\" data-id=\"bff53db\" data-element_type=\"section\" data-e-type=\"section\">\n\t\t\t\t\t\t<div class=\"elementor-container elementor-column-gap-default\">\n\t\t\t\t\t<div class=\"elementor-column elementor-col-100 elementor-top-column elementor-element elementor-element-1bd222b\" data-id=\"1bd222b\" data-element_type=\"column\" data-e-type=\"column\">\n\t\t\t<div class=\"elementor-widget-wrap\">\n\t\t\t\t\t\t\t<\/div>\n\t\t<\/div>\n\t\t\t\t\t<\/div>\n\t\t<\/section>\n\t\t\t\t<section class=\"elementor-section elementor-top-section elementor-element elementor-element-bf2e185 elementor-section-boxed elementor-section-height-default elementor-section-height-default\" data-id=\"bf2e185\" data-element_type=\"section\" data-e-type=\"section\">\n\t\t\t\t\t\t<div class=\"elementor-container elementor-column-gap-default\">\n\t\t\t\t\t<div class=\"elementor-column elementor-col-100 elementor-top-column elementor-element elementor-element-257d7ed\" data-id=\"257d7ed\" data-element_type=\"column\" data-e-type=\"column\">\n\t\t\t<div class=\"elementor-widget-wrap elementor-element-populated\">\n\t\t\t\t\t\t<div class=\"elementor-element elementor-element-2634bdf elementor-widget elementor-widget-text-editor\" data-id=\"2634bdf\" data-element_type=\"widget\" data-e-type=\"widget\" data-widget_type=\"text-editor.default\">\n\t\t\t\t<div class=\"elementor-widget-container\">\n\t\t\t\t\t\t\t\t\t<p style=\"text-align: center;\"><strong>ist Ihre Wunschdomain noch frei ?<\/strong><\/p>\t\t\t\t\t\t\t\t<\/div>\n\t\t\t\t<\/div>\n\t\t\t\t<div class=\"elementor-element elementor-element-04172a0 elementor-widget elementor-widget-finix_domain_check\" data-id=\"04172a0\" data-element_type=\"widget\" data-e-type=\"widget\" data-widget_type=\"finix_domain_check.default\">\n\t\t\t\t<div class=\"elementor-widget-container\">\n\t\t\t\t\t\t\t<div class=\"domain-check text-center\">\n\t\t\t<div id=\"wp24-dc-1\" class=\"wp24-dc\"><\/div>\t\t\t<div class=\"web-host-title\">\n\t\t\t\t<h6 class=\"main-title\">Angebot im Fr\u00fchjahr:<\/h6>\n\t\t\t<\/div>\n\n\t\t\t<div class=\"web-host-list\">\n\t\t\t\t<ul>\n\t\t\t\t\t\t\t\t\t<li><span> .de <\/span>6,00 \u20ac<\/li>\n\t\t\t\t\t\t\t\t<\/ul>\n\t\t\t<\/div>\n\t\t<\/div>\n\t\t\t\t\t\t<\/div>\n\t\t\t\t<\/div>\n\t\t\t\t\t<\/div>\n\t\t<\/div>\n\t\t\t\t\t<\/div>\n\t\t<\/section>\n\t\t\t\t<section class=\"elementor-section elementor-top-section elementor-element elementor-element-8af88bc elementor-section-boxed elementor-section-height-default elementor-section-height-default\" data-id=\"8af88bc\" data-element_type=\"section\" data-e-type=\"section\">\n\t\t\t\t\t\t<div class=\"elementor-container elementor-column-gap-default\">\n\t\t\t\t\t<div class=\"elementor-column elementor-col-100 elementor-top-column elementor-element elementor-element-0ba0f95\" data-id=\"0ba0f95\" data-element_type=\"column\" data-e-type=\"column\">\n\t\t\t<div class=\"elementor-widget-wrap elementor-element-populated\">\n\t\t\t\t\t\t<div class=\"elementor-element elementor-element-60c29f9 elementor-widget elementor-widget-text-editor\" data-id=\"60c29f9\" data-element_type=\"widget\" data-e-type=\"widget\" data-widget_type=\"text-editor.default\">\n\t\t\t\t<div class=\"elementor-widget-container\">\n\t\t\t\t\t\t\t\t\t<p style=\"text-align: center;\">Alle Domainangebote beinhalten 4fach redundante DNS-Server.<\/p><p style=\"text-align: center;\">Alle DNS-Server sind IPv6-f\u00e4hig.<\/p>\t\t\t\t\t\t\t\t<\/div>\n\t\t\t\t<\/div>\n\t\t\t\t\t<\/div>\n\t\t<\/div>\n\t\t\t\t\t<\/div>\n\t\t<\/section>\n\t\t\t\t<section class=\"elementor-section elementor-top-section elementor-element elementor-element-c4146fa elementor-section-boxed elementor-section-height-default elementor-section-height-default\" data-id=\"c4146fa\" data-element_type=\"section\" data-e-type=\"section\">\n\t\t\t\t\t\t<div class=\"elementor-container elementor-column-gap-default\">\n\t\t\t\t\t<div class=\"elementor-column elementor-col-100 elementor-top-column elementor-element elementor-element-bdbdc7e\" data-id=\"bdbdc7e\" data-element_type=\"column\" data-e-type=\"column\">\n\t\t\t<div class=\"elementor-widget-wrap\">\n\t\t\t\t\t\t\t<\/div>\n\t\t<\/div>\n\t\t\t\t\t<\/div>\n\t\t<\/section>\n\t\t\t\t<section class=\"elementor-section elementor-top-section elementor-element elementor-element-acaeeeb elementor-section-boxed elementor-section-height-default elementor-section-height-default\" data-id=\"acaeeeb\" data-element_type=\"section\" data-e-type=\"section\">\n\t\t\t\t\t\t<div class=\"elementor-container elementor-column-gap-default\">\n\t\t\t\t\t<div class=\"elementor-column elementor-col-100 elementor-top-column elementor-element elementor-element-efb11c6\" data-id=\"efb11c6\" data-element_type=\"column\" data-e-type=\"column\">\n\t\t\t<div class=\"elementor-widget-wrap elementor-element-populated\">\n\t\t\t\t\t\t<div class=\"elementor-element elementor-element-d8e4d10 elementor-widget elementor-widget-text-editor\" data-id=\"d8e4d10\" data-element_type=\"widget\" data-e-type=\"widget\" data-widget_type=\"text-editor.default\">\n\t\t\t\t<div class=\"elementor-widget-container\">\n\t\t\t\t\t\t\t\t\t<p><strong>L\u00e4nder-Dom\u00e4nen (Auszug)<br \/><\/strong><\/p>\t\t\t\t\t\t\t\t<\/div>\n\t\t\t\t<\/div>\n\t\t\t\t\t<\/div>\n\t\t<\/div>\n\t\t\t\t\t<\/div>\n\t\t<\/section>\n\t\t\t\t<section class=\"elementor-section elementor-top-section elementor-element elementor-element-2ffa06f elementor-section-boxed elementor-section-height-default elementor-section-height-default\" data-id=\"2ffa06f\" data-element_type=\"section\" data-e-type=\"section\">\n\t\t\t\t\t\t<div class=\"elementor-container elementor-column-gap-default\">\n\t\t\t\t\t<div class=\"elementor-column elementor-col-16 elementor-top-column elementor-element elementor-element-9e27894\" data-id=\"9e27894\" data-element_type=\"column\" data-e-type=\"column\">\n\t\t\t<div class=\"elementor-widget-wrap elementor-element-populated\">\n\t\t\t\t\t\t<div class=\"elementor-element elementor-element-ca53ff5 elementor-widget elementor-widget-text-editor\" data-id=\"ca53ff5\" data-element_type=\"widget\" data-e-type=\"widget\" data-widget_type=\"text-editor.default\">\n\t\t\t\t<div class=\"elementor-widget-container\">\n\t\t\t\t\t\t\t\t\t<p style=\"text-align: center;\"><strong>Domain-Endung<\/strong><\/p><p style=\"text-align: center;\">.de<\/p><p style=\"text-align: center;\">.eu<\/p><p style=\"text-align: center;\">.at<\/p><p style=\"text-align: center;\">ch<\/p><p style=\"text-align: center;\">be<\/p><p style=\"text-align: center;\">nl<\/p><p style=\"text-align: center;\">com<\/p><p style=\"text-align: center;\">net<\/p><p style=\"text-align: center;\">org<\/p>\t\t\t\t\t\t\t\t<\/div>\n\t\t\t\t<\/div>\n\t\t\t\t\t<\/div>\n\t\t<\/div>\n\t\t\t\t<div class=\"elementor-column elementor-col-16 elementor-top-column elementor-element elementor-element-f3fa9c7\" data-id=\"f3fa9c7\" data-element_type=\"column\" data-e-type=\"column\">\n\t\t\t<div class=\"elementor-widget-wrap elementor-element-populated\">\n\t\t\t\t\t\t<div class=\"elementor-element elementor-element-f41a000 elementor-widget elementor-widget-text-editor\" data-id=\"f41a000\" data-element_type=\"widget\" data-e-type=\"widget\" data-widget_type=\"text-editor.default\">\n\t\t\t\t<div class=\"elementor-widget-container\">\n\t\t\t\t\t\t\t\t\t<p style=\"text-align: center;\"><strong>Aktion<\/strong><\/p><p style=\"text-align: center;\">Registrierung<\/p><p style=\"text-align: center;\">Registrierung<\/p><p style=\"text-align: center;\">Registrierung<\/p><p style=\"text-align: center;\">Registrierung<\/p><p style=\"text-align: center;\">Registrierung<\/p><p style=\"text-align: center;\">Registrierung<\/p><p style=\"text-align: center;\">Registrierung<\/p><p style=\"text-align: center;\">Registrierung<\/p><p style=\"text-align: center;\">Registrierung<\/p>\t\t\t\t\t\t\t\t<\/div>\n\t\t\t\t<\/div>\n\t\t\t\t\t<\/div>\n\t\t<\/div>\n\t\t\t\t<div class=\"elementor-column elementor-col-16 elementor-top-column elementor-element elementor-element-da4e9bb\" data-id=\"da4e9bb\" data-element_type=\"column\" data-e-type=\"column\">\n\t\t\t<div class=\"elementor-widget-wrap elementor-element-populated\">\n\t\t\t\t\t\t<div class=\"elementor-element elementor-element-83fee88 elementor-widget elementor-widget-text-editor\" data-id=\"83fee88\" data-element_type=\"widget\" data-e-type=\"widget\" data-widget_type=\"text-editor.default\">\n\t\t\t\t<div class=\"elementor-widget-container\">\n\t\t\t\t\t\t\t\t\t<p style=\"text-align: center;\"><strong>Laufzeit ( Jahre )<\/strong><\/p><p style=\"text-align: center;\">1 Jahr<\/p><p style=\"text-align: center;\">1 Jahr<\/p><p style=\"text-align: center;\">1 Jahr<\/p><p style=\"text-align: center;\">1 Jahr<\/p><p style=\"text-align: center;\">1 Jahr<\/p><p style=\"text-align: center;\">1 Jahr<\/p><p style=\"text-align: center;\">1 Jahr<\/p><p style=\"text-align: center;\">1 Jahr<\/p><p style=\"text-align: center;\">1 Jahr<\/p>\t\t\t\t\t\t\t\t<\/div>\n\t\t\t\t<\/div>\n\t\t\t\t\t<\/div>\n\t\t<\/div>\n\t\t\t\t<div class=\"elementor-column elementor-col-16 elementor-top-column elementor-element elementor-element-498fb58\" data-id=\"498fb58\" data-element_type=\"column\" data-e-type=\"column\">\n\t\t\t<div class=\"elementor-widget-wrap elementor-element-populated\">\n\t\t\t\t\t\t<div class=\"elementor-element elementor-element-eeabe02 elementor-widget elementor-widget-text-editor\" data-id=\"eeabe02\" data-element_type=\"widget\" data-e-type=\"widget\" data-widget_type=\"text-editor.default\">\n\t\t\t\t<div class=\"elementor-widget-container\">\n\t\t\t\t\t\t\t\t\t<p>\u00a0<\/p><p style=\"text-align: center;\"><a href=\"https:\/\/hw.all-domains.de\/domain\" target=\"_blank\" rel=\"noopener\"><strong>BESTELLUNG<\/strong><\/a><\/p>\t\t\t\t\t\t\t\t<\/div>\n\t\t\t\t<\/div>\n\t\t\t\t\t<\/div>\n\t\t<\/div>\n\t\t\t\t<div class=\"elementor-column elementor-col-16 elementor-top-column elementor-element elementor-element-cee95e8\" data-id=\"cee95e8\" data-element_type=\"column\" data-e-type=\"column\">\n\t\t\t<div class=\"elementor-widget-wrap elementor-element-populated\">\n\t\t\t\t\t\t<div class=\"elementor-element elementor-element-cb76b05 elementor-widget elementor-widget-text-editor\" data-id=\"cb76b05\" data-element_type=\"widget\" data-e-type=\"widget\" data-widget_type=\"text-editor.default\">\n\t\t\t\t<div class=\"elementor-widget-container\">\n\t\t\t\t\t\t\t\t\t<p style=\"text-align: center;\"><strong>Preis im 1.Jahr<\/strong><\/p><p style=\"text-align: center;\">6,00 \u20ac<\/p><p style=\"text-align: center;\">6,99 \u20ac<\/p><p style=\"text-align: center;\">12,99 \u20ac<\/p><p style=\"text-align: center;\">10,00 \u20ac<\/p><p style=\"text-align: center;\">8,99 \u20ac<\/p><p style=\"text-align: center;\">6,99 \u20ac<\/p><p style=\"text-align: center;\">13,99 \u20ac<\/p><p style=\"text-align: center;\">15,99 \u20ac<\/p><p style=\"text-align: center;\">13,99 \u20ac<\/p>\t\t\t\t\t\t\t\t<\/div>\n\t\t\t\t<\/div>\n\t\t\t\t\t<\/div>\n\t\t<\/div>\n\t\t\t\t<div class=\"elementor-column elementor-col-16 elementor-top-column elementor-element elementor-element-3ad5514\" data-id=\"3ad5514\" data-element_type=\"column\" data-e-type=\"column\">\n\t\t\t<div class=\"elementor-widget-wrap elementor-element-populated\">\n\t\t\t\t\t\t\t<\/div>\n\t\t<\/div>\n\t\t\t\t\t<\/div>\n\t\t<\/section>\n\t\t\t\t<section class=\"elementor-section elementor-top-section elementor-element elementor-element-dd55654 elementor-section-boxed elementor-section-height-default elementor-section-height-default\" data-id=\"dd55654\" data-element_type=\"section\" data-e-type=\"section\">\n\t\t\t\t\t\t<div class=\"elementor-container elementor-column-gap-default\">\n\t\t\t\t\t<div class=\"elementor-column elementor-col-100 elementor-top-column elementor-element elementor-element-be5c875\" data-id=\"be5c875\" data-element_type=\"column\" data-e-type=\"column\">\n\t\t\t<div class=\"elementor-widget-wrap elementor-element-populated\">\n\t\t\t\t\t\t\t<\/div>\n\t\t<\/div>\n\t\t\t\t\t<\/div>\n\t\t<\/section>\n\t\t\t\t<section class=\"elementor-section elementor-top-section elementor-element elementor-element-580f360 elementor-section-boxed elementor-section-height-default elementor-section-height-default\" data-id=\"580f360\" data-element_type=\"section\" data-e-type=\"section\">\n\t\t\t\t\t\t<div class=\"elementor-container elementor-column-gap-default\">\n\t\t\t\t\t<div class=\"elementor-column elementor-col-100 elementor-top-column elementor-element elementor-element-dbb07b0\" data-id=\"dbb07b0\" data-element_type=\"column\" data-e-type=\"column\">\n\t\t\t<div class=\"elementor-widget-wrap elementor-element-populated\">\n\t\t\t\t\t\t<div class=\"elementor-element elementor-element-6daeb69 elementor-widget elementor-widget-text-editor\" data-id=\"6daeb69\" data-element_type=\"widget\" data-e-type=\"widget\" data-widget_type=\"text-editor.default\">\n\t\t\t\t<div class=\"elementor-widget-container\">\n\t\t\t\t\t\t\t\t\t<p style=\"text-align: center;\"><strong>weitere Top-Level-Dom\u00e4nen und deren Preise teilen wir Ihnen gerne auf Anfrage mit<\/strong><\/p>\t\t\t\t\t\t\t\t<\/div>\n\t\t\t\t<\/div>\n\t\t\t\t\t<\/div>\n\t\t<\/div>\n\t\t\t\t\t<\/div>\n\t\t<\/section>\n\t\t\t\t<section class=\"elementor-section elementor-top-section elementor-element elementor-element-8499682 elementor-section-boxed elementor-section-height-default elementor-section-height-default\" data-id=\"8499682\" data-element_type=\"section\" data-e-type=\"section\">\n\t\t\t\t\t\t<div class=\"elementor-container elementor-column-gap-default\">\n\t\t\t\t\t<div class=\"elementor-column elementor-col-100 elementor-top-column elementor-element elementor-element-4755181\" data-id=\"4755181\" data-element_type=\"column\" data-e-type=\"column\">\n\t\t\t<div class=\"elementor-widget-wrap elementor-element-populated\">\n\t\t\t\t\t\t<div class=\"elementor-element elementor-element-74d5b5c elementor-button-info elementor-align-center elementor-widget elementor-widget-button\" data-id=\"74d5b5c\" data-element_type=\"widget\" data-e-type=\"widget\" data-widget_type=\"button.default\">\n\t\t\t\t<div class=\"elementor-widget-container\">\n\t\t\t\t\t\t\t\t\t<div class=\"elementor-button-wrapper\">\n\t\t\t\t\t<a class=\"elementor-button elementor-button-link elementor-size-sm\" href=\"https:\/\/hw.all-domains.de\/domain\" target=\"_blank\">\n\t\t\t\t\t\t<span class=\"elementor-button-content-wrapper\">\n\t\t\t\t\t\t\t\t\t<span class=\"elementor-button-text\">zur Bestellseite<\/span>\n\t\t\t\t\t<\/span>\n\t\t\t\t\t<\/a>\n\t\t\t\t<\/div>\n\t\t\t\t\t\t\t\t<\/div>\n\t\t\t\t<\/div>\n\t\t\t\t\t<\/div>\n\t\t<\/div>\n\t\t\t\t\t<\/div>\n\t\t<\/section>\n\t\t\t\t<section class=\"elementor-section elementor-top-section elementor-element elementor-element-6861cf2 elementor-section-boxed elementor-section-height-default elementor-section-height-default\" data-id=\"6861cf2\" data-element_type=\"section\" data-e-type=\"section\">\n\t\t\t\t\t\t<div class=\"elementor-container elementor-column-gap-default\">\n\t\t\t\t\t<div class=\"elementor-column elementor-col-100 elementor-top-column elementor-element elementor-element-30a2c12\" data-id=\"30a2c12\" data-element_type=\"column\" data-e-type=\"column\">\n\t\t\t<div class=\"elementor-widget-wrap elementor-element-populated\">\n\t\t\t\t\t\t<div class=\"elementor-element elementor-element-71855d4 elementor-widget elementor-widget-text-editor\" data-id=\"71855d4\" data-element_type=\"widget\" data-e-type=\"widget\" data-widget_type=\"text-editor.default\">\n\t\t\t\t<div class=\"elementor-widget-container\">\n\t\t\t\t\t\t\t\t\t<p style=\"text-align: center;\">das Bestellformular \u00f6ffnet im neuen Fenster<\/p><p style=\"text-align: center;\">\u00a0<\/p>\t\t\t\t\t\t\t\t<\/div>\n\t\t\t\t<\/div>\n\t\t\t\t\t<\/div>\n\t\t<\/div>\n\t\t\t\t\t<\/div>\n\t\t<\/section>\n\t\t\t\t<section class=\"elementor-section elementor-top-section elementor-element elementor-element-d430eef elementor-section-boxed elementor-section-height-default elementor-section-height-default\" data-id=\"d430eef\" data-element_type=\"section\" data-e-type=\"section\">\n\t\t\t\t\t\t<div class=\"elementor-container elementor-column-gap-default\">\n\t\t\t\t\t<div class=\"elementor-column elementor-col-100 elementor-top-column elementor-element elementor-element-314dc9f\" data-id=\"314dc9f\" data-element_type=\"column\" data-e-type=\"column\">\n\t\t\t<div class=\"elementor-widget-wrap elementor-element-populated\">\n\t\t\t\t\t\t<div class=\"elementor-element elementor-element-4aa1b97 elementor-widget elementor-widget-text-editor\" data-id=\"4aa1b97\" data-element_type=\"widget\" data-e-type=\"widget\" data-widget_type=\"text-editor.default\">\n\t\t\t\t<div class=\"elementor-widget-container\">\n\t\t\t\t\t\t\t\t\t<p>\u00a0<\/p><p>1) Alle Preise sind pro Jahr, verstehen sich inkl. MwSt. und richten sich ausschlie\u00dflich an Endverbraucher.<br \/>Bitte beachten Sie zudem, dass die aufgelisteten Preise unsere Einkaufspreise sind. Gem\u00e4ss Ihren Vertragsbedingungen k\u00f6nnen hier zus\u00e4tzliche Aufschl\u00e4ge erfolgen. Den genauen prozentualen Aufschlafgswert entnehmen Sie bitte Ihrem Domain-Vertrag. Internationale Domains sind ggfs. vom Devisenkurs abh\u00e4ngig.<br \/><a name=\"transfer\"><\/a><br \/>2) Ein Transfer ist kostenfrei. Wie \u00fcblich beginnt jedoch mit dem Tag des Umzugs die Laufzeit der Domain von Neuem. Somit f\u00e4llt zu diesem Zeitpunkt wieder die Geb\u00fchr f\u00fcr die Laufzeit an. Vorhandene Restlaufzeiten gehen verloren und die Kosten werden nicht erstattet (Diese Regelung gilt f\u00fcr alle Tld, sofern in der offiziellen schriftlichen Preisliste nicht anders angegeben).<\/p>\t\t\t\t\t\t\t\t<\/div>\n\t\t\t\t<\/div>\n\t\t\t\t\t<\/div>\n\t\t<\/div>\n\t\t\t\t\t<\/div>\n\t\t<\/section>\n\t\t\t\t<section class=\"elementor-section elementor-top-section elementor-element elementor-element-a3a6025 elementor-section-boxed elementor-section-height-default elementor-section-height-default\" data-id=\"a3a6025\" data-element_type=\"section\" data-e-type=\"section\">\n\t\t\t\t\t\t<div class=\"elementor-container elementor-column-gap-default\">\n\t\t\t\t\t<div class=\"elementor-column elementor-col-100 elementor-top-column elementor-element elementor-element-1b4c31c\" data-id=\"1b4c31c\" data-element_type=\"column\" data-e-type=\"column\">\n\t\t\t<div class=\"elementor-widget-wrap elementor-element-populated\">\n\t\t\t\t\t\t<div class=\"elementor-element elementor-element-0d88369 elementor-widget elementor-widget-text-editor\" data-id=\"0d88369\" data-element_type=\"widget\" data-e-type=\"widget\" data-widget_type=\"text-editor.default\">\n\t\t\t\t<div class=\"elementor-widget-container\">\n\t\t\t\t\t\t\t\t\t<dl>\n<dt><br><\/dt><dt>RegOk<\/dt>\n<dd>Neuregistrierung<\/dd>\n<dt>Setup<\/dt>\n<dd>Einmalige Einrichtung<\/dd>\n<dt>Update<\/dt>\n<dd>\u00c4nderung der Domaininhaberdaten<\/dd>\n<dt>Renew<\/dt>\n<dd>Verl\u00e4ngerung<\/dd>\n<dt>ChangeOwner<\/dt>\n<dd>Eigent\u00fcmerwechsel<\/dd>\n<dt>TransfOk<sup> 2)<\/sup><\/dt>\n<dd>Providerwechsel eingehend<\/dd>\n<dt>Restore<\/dt>\n<dd>Wiederherstellung<\/dd>\n<dt>TransfRestore<\/dt>\n<dd>Wiederherstellung mit Providerwechsel<\/dd>\n<dt>Trade<\/dt>\n<dd>Transfer mit Eigent\u00fcmerwechsel (nur .eu)<\/dd>\n<\/dl>\t\t\t\t\t\t\t\t<\/div>\n\t\t\t\t<\/div>\n\t\t\t\t\t<\/div>\n\t\t<\/div>\n\t\t\t\t\t<\/div>\n\t\t<\/section>\n\t\t\t\t<\/div>\n\t\t","protected":false},"excerpt":{"rendered":"<p>Unsere aktuellen Domainpreise1) 2) (Irrtum vorbehalten) Bitte haben Sie Verst\u00e4ndnis, das wir sog. &#8220;Sub-Dom\u00e4nen&#8221; wie &#8220;.co.uk&#8221; nur auf Nachfrage anbieten. Ebenso registrieren wir zur Zeit keine &#8220;.ru&#8221;-Dom\u00e4nen. Profitieren Sie von unserem DNS-Infrastruktur-Service, f\u00fcr die maximale Verf\u00fcgbarkeit Ihrer Dom\u00e4nen. Mit NodeSecure sind die Zonen weltweit verteilt und stets erreichbar. ist Ihre Wunschdomain noch frei ? Angebot [&hellip;]<\/p>\n","protected":false},"author":1,"featured_media":0,"parent":7421,"menu_order":0,"comment_status":"closed","ping_status":"closed","template":"elementor_header_footer","meta":{"_acf_changed":false,"_monsterinsights_skip_tracking":false,"_monsterinsights_sitenote_active":false,"_monsterinsights_sitenote_note":"","_monsterinsights_sitenote_category":0,"footnotes":""},"class_list":["post-7477","page","type-page","status-publish","hentry"],"acf":[],"aioseo_notices":[],"jetpack_sharing_enabled":true,"_links":{"self":[{"href":"https:\/\/www.all-domains.de\/index.php\/wp-json\/wp\/v2\/pages\/7477","targetHints":{"allow":["GET"]}}],"collection":[{"href":"https:\/\/www.all-domains.de\/index.php\/wp-json\/wp\/v2\/pages"}],"about":[{"href":"https:\/\/www.all-domains.de\/index.php\/wp-json\/wp\/v2\/types\/page"}],"author":[{"embeddable":true,"href":"https:\/\/www.all-domains.de\/index.php\/wp-json\/wp\/v2\/users\/1"}],"replies":[{"embeddable":true,"href":"https:\/\/www.all-domains.de\/index.php\/wp-json\/wp\/v2\/comments?post=7477"}],"version-history":[{"count":320,"href":"https:\/\/www.all-domains.de\/index.php\/wp-json\/wp\/v2\/pages\/7477\/revisions"}],"predecessor-version":[{"id":8850,"href":"https:\/\/www.all-domains.de\/index.php\/wp-json\/wp\/v2\/pages\/7477\/revisions\/8850"}],"up":[{"embeddable":true,"href":"https:\/\/www.all-domains.de\/index.php\/wp-json\/wp\/v2\/pages\/7421"}],"wp:attachment":[{"href":"https:\/\/www.all-domains.de\/index.php\/wp-json\/wp\/v2\/media?parent=7477"}],"curies":[{"name":"wp","href":"https:\/\/api.w.org\/{rel}","templated":true}]}}