{"id":8362,"date":"2023-10-29T08:47:02","date_gmt":"2023-10-29T08:47:02","guid":{"rendered":"http:\/\/www.all-domains.de\/?page_id=8362"},"modified":"2025-12-17T10:48:31","modified_gmt":"2025-12-17T10:48:31","slug":"microsoft-365","status":"publish","type":"page","link":"https:\/\/www.all-domains.de\/index.php\/microsoft-365\/","title":{"rendered":"Microsoft 365"},"content":{"rendered":"\t\t<div data-elementor-type=\"wp-page\" data-elementor-id=\"8362\" class=\"elementor elementor-8362\">\n\t\t\t\t\t\t<section class=\"elementor-section elementor-top-section elementor-element elementor-element-0800ece elementor-section-boxed elementor-section-height-default elementor-section-height-default\" data-id=\"0800ece\" data-element_type=\"section\" data-e-type=\"section\">\n\t\t\t\t\t\t<div class=\"elementor-container elementor-column-gap-default\">\n\t\t\t\t\t<div class=\"elementor-column elementor-col-100 elementor-top-column elementor-element elementor-element-c82712a\" data-id=\"c82712a\" data-element_type=\"column\" data-e-type=\"column\">\n\t\t\t<div class=\"elementor-widget-wrap\">\n\t\t\t\t\t\t\t<\/div>\n\t\t<\/div>\n\t\t\t\t\t<\/div>\n\t\t<\/section>\n\t\t\t\t<section class=\"elementor-section elementor-top-section elementor-element elementor-element-286656c elementor-section-boxed elementor-section-height-default elementor-section-height-default\" data-id=\"286656c\" data-element_type=\"section\" data-e-type=\"section\">\n\t\t\t\t\t\t<div class=\"elementor-container elementor-column-gap-default\">\n\t\t\t\t\t<div class=\"elementor-column elementor-col-100 elementor-top-column elementor-element elementor-element-af6870d\" data-id=\"af6870d\" data-element_type=\"column\" data-e-type=\"column\">\n\t\t\t<div class=\"elementor-widget-wrap elementor-element-populated\">\n\t\t\t\t\t\t<div class=\"elementor-element elementor-element-78b97db elementor-widget elementor-widget-text-editor\" data-id=\"78b97db\" data-element_type=\"widget\" data-e-type=\"widget\" data-widget_type=\"text-editor.default\">\n\t\t\t\t<div class=\"elementor-widget-container\">\n\t\t\t\t\t\t\t\t\t<p class=\"bodytext\">Mit Microsoft\u00a0365 erhalten Sie stets die neueste Version von Office. Statt immer wieder eine neue Version von Office kaufen zu m\u00fcssen, bestellen Sie ein monatliches Paket und zahlen dementsprechend monatliche Preise f\u00fcr Microsoft\u00a0365. Dadurch wird Ihnen stets die neueste Version aller Anwendungen zur Verf\u00fcgung gestellt.<\/p><p class=\"bodytext\">Mit Microsoft\u00a0365 Business Standard, welches unter anderem die gesamte Office Suite wie Word, Excel, PowerPoint, Outlook, Skype for Business, Exchange oder OneDrive enth\u00e4lt, k\u00f6nnen Sie sowohl im Web-Browser als auch lokal auf bis zu 5 Ger\u00e4ten Ihr Office einsetzen. Office 365 Business Standard enth\u00e4lt zudem ein professionelles E-Mail-Post\u00adfach mit 50GB Speicher pro User, sowie 1 TB OneDrive Speicher, der von \u00fcberall aus erreicht werden kann. So k\u00f6nnen Sie flexibel Ihre Daten verwalten, ganz egal von welchem Ort aus.<\/p>\t\t\t\t\t\t\t\t<\/div>\n\t\t\t\t<\/div>\n\t\t\t\t\t<\/div>\n\t\t<\/div>\n\t\t\t\t\t<\/div>\n\t\t<\/section>\n\t\t\t\t<section class=\"elementor-section elementor-top-section elementor-element elementor-element-5f6f5f7 elementor-section-boxed elementor-section-height-default elementor-section-height-default\" data-id=\"5f6f5f7\" data-element_type=\"section\" data-e-type=\"section\">\n\t\t\t\t\t\t<div class=\"elementor-container elementor-column-gap-default\">\n\t\t\t\t\t<div class=\"elementor-column elementor-col-100 elementor-top-column elementor-element elementor-element-13ac784\" data-id=\"13ac784\" data-element_type=\"column\" data-e-type=\"column\">\n\t\t\t<div class=\"elementor-widget-wrap elementor-element-populated\">\n\t\t\t\t\t\t<div class=\"elementor-element elementor-element-4a74298 elementor-widget elementor-widget-image\" data-id=\"4a74298\" data-element_type=\"widget\" data-e-type=\"widget\" data-widget_type=\"image.default\">\n\t\t\t\t<div class=\"elementor-widget-container\">\n\t\t\t\t\t\t\t\t\t\t\t\t\t\t\t<img decoding=\"async\" src=\"https:\/\/www.all-domains.de\/wp-content\/uploads\/2025\/12\/1530219914.jpg\" title=\"1530219914\" alt=\"1530219914\" loading=\"lazy\" \/>\t\t\t\t\t\t\t\t\t\t\t\t\t\t\t<\/div>\n\t\t\t\t<\/div>\n\t\t\t\t\t<\/div>\n\t\t<\/div>\n\t\t\t\t\t<\/div>\n\t\t<\/section>\n\t\t\t\t<\/div>\n\t\t","protected":false},"excerpt":{"rendered":"<p>Mit Microsoft\u00a0365 erhalten Sie stets die neueste Version von Office. Statt immer wieder eine neue Version von Office kaufen zu m\u00fcssen, bestellen Sie ein monatliches Paket und zahlen dementsprechend monatliche Preise f\u00fcr Microsoft\u00a0365. Dadurch wird Ihnen stets die neueste Version aller Anwendungen zur Verf\u00fcgung gestellt. Mit Microsoft\u00a0365 Business Standard, welches unter anderem die gesamte Office [&hellip;]<\/p>\n","protected":false},"author":1,"featured_media":0,"parent":0,"menu_order":0,"comment_status":"closed","ping_status":"closed","template":"elementor_header_footer","meta":{"_acf_changed":false,"_monsterinsights_skip_tracking":false,"_monsterinsights_sitenote_active":false,"_monsterinsights_sitenote_note":"","_monsterinsights_sitenote_category":0,"footnotes":""},"class_list":["post-8362","page","type-page","status-publish","hentry"],"acf":[],"aioseo_notices":[],"jetpack_sharing_enabled":true,"_links":{"self":[{"href":"https:\/\/www.all-domains.de\/index.php\/wp-json\/wp\/v2\/pages\/8362","targetHints":{"allow":["GET"]}}],"collection":[{"href":"https:\/\/www.all-domains.de\/index.php\/wp-json\/wp\/v2\/pages"}],"about":[{"href":"https:\/\/www.all-domains.de\/index.php\/wp-json\/wp\/v2\/types\/page"}],"author":[{"embeddable":true,"href":"https:\/\/www.all-domains.de\/index.php\/wp-json\/wp\/v2\/users\/1"}],"replies":[{"embeddable":true,"href":"https:\/\/www.all-domains.de\/index.php\/wp-json\/wp\/v2\/comments?post=8362"}],"version-history":[{"count":13,"href":"https:\/\/www.all-domains.de\/index.php\/wp-json\/wp\/v2\/pages\/8362\/revisions"}],"predecessor-version":[{"id":8682,"href":"https:\/\/www.all-domains.de\/index.php\/wp-json\/wp\/v2\/pages\/8362\/revisions\/8682"}],"wp:attachment":[{"href":"https:\/\/www.all-domains.de\/index.php\/wp-json\/wp\/v2\/media?parent=8362"}],"curies":[{"name":"wp","href":"https:\/\/api.w.org\/{rel}","templated":true}]}}