{"id":8969,"date":"2026-03-11T22:14:18","date_gmt":"2026-03-11T22:14:18","guid":{"rendered":"https:\/\/www.all-domains.de\/?page_id=8969"},"modified":"2026-03-11T22:19:53","modified_gmt":"2026-03-11T22:19:53","slug":"vpn","status":"publish","type":"page","link":"https:\/\/www.all-domains.de\/index.php\/vpn\/","title":{"rendered":"VPN"},"content":{"rendered":"\t\t<div data-elementor-type=\"wp-page\" data-elementor-id=\"8969\" class=\"elementor elementor-8969\">\n\t\t\t\t\t\t<section class=\"elementor-section elementor-top-section elementor-element elementor-element-15e62f3 elementor-section-boxed elementor-section-height-default elementor-section-height-default\" data-id=\"15e62f3\" data-element_type=\"section\" data-e-type=\"section\">\n\t\t\t\t\t\t<div class=\"elementor-container elementor-column-gap-default\">\n\t\t\t\t\t<div class=\"elementor-column elementor-col-100 elementor-top-column elementor-element elementor-element-d59831a\" data-id=\"d59831a\" data-element_type=\"column\" data-e-type=\"column\">\n\t\t\t<div class=\"elementor-widget-wrap elementor-element-populated\">\n\t\t\t\t\t\t<div class=\"elementor-element elementor-element-b7e0482 elementor-widget elementor-widget-text-editor\" data-id=\"b7e0482\" data-element_type=\"widget\" data-e-type=\"widget\" data-widget_type=\"text-editor.default\">\n\t\t\t\t<div class=\"elementor-widget-container\">\n\t\t\t\t\t\t\t\t\t<h4 style=\"text-align: center;\">Sichern und sch\u00fctzen Sie\u00a0Ihr Surfen im Internet<\/h4>\t\t\t\t\t\t\t\t<\/div>\n\t\t\t\t<\/div>\n\t\t\t\t\t<\/div>\n\t\t<\/div>\n\t\t\t\t\t<\/div>\n\t\t<\/section>\n\t\t\t\t<section class=\"elementor-section elementor-top-section elementor-element elementor-element-731201e elementor-section-boxed elementor-section-height-default elementor-section-height-default\" data-id=\"731201e\" data-element_type=\"section\" data-e-type=\"section\">\n\t\t\t\t\t\t<div class=\"elementor-container elementor-column-gap-default\">\n\t\t\t\t\t<div class=\"elementor-column elementor-col-100 elementor-top-column elementor-element elementor-element-90988a4\" data-id=\"90988a4\" data-element_type=\"column\" data-e-type=\"column\">\n\t\t\t<div class=\"elementor-widget-wrap elementor-element-populated\">\n\t\t\t\t\t\t<div class=\"elementor-element elementor-element-8c89874 elementor-widget elementor-widget-text-editor\" data-id=\"8c89874\" data-element_type=\"widget\" data-e-type=\"widget\" data-widget_type=\"text-editor.default\">\n\t\t\t\t<div class=\"elementor-widget-container\">\n\t\t\t\t\t\t\t\t\t<h4>\u00a0<\/h4><h4>Erhalten Sie einen sicheren und privaten Zugang zum Internet.<\/h4><p><strong>Sch\u00fctzen Sie Ihre pers\u00f6nlichen Daten<\/strong> und genie\u00dfen Sie jedes Mal Ruhe, wenn Sie \u00f6ffentliches WLAN nutzen, unterwegs auf private und gesch\u00e4ftliche Konten zugreifen oder einfach nur Ihren Browserverlauf f\u00fcr sich behalten m\u00f6chten.<\/p><ul><li>Verstecken Sie Ihre IP-Adresse<\/li><li>Sch\u00fctzen Sie Ihre Online-Identit\u00e4t<\/li><li>Keine Aktivit\u00e4tsprotokolle zum Nachverfolgen des Surfens<\/li><li>Sichern Sie Ihre Bankgesch\u00e4fte<\/li><li>Verwenden Sie eine milit\u00e4rische Verschl\u00fcsselung<\/li><li>Seien Sie in \u00f6ffentlichen Wi-Fi-Netzwerken sicher<\/li><\/ul>\t\t\t\t\t\t\t\t<\/div>\n\t\t\t\t<\/div>\n\t\t\t\t\t<\/div>\n\t\t<\/div>\n\t\t\t\t\t<\/div>\n\t\t<\/section>\n\t\t\t\t<section class=\"elementor-section elementor-top-section elementor-element elementor-element-b2e87c7 elementor-section-boxed elementor-section-height-default elementor-section-height-default\" data-id=\"b2e87c7\" data-element_type=\"section\" data-e-type=\"section\">\n\t\t\t\t\t\t<div class=\"elementor-container elementor-column-gap-default\">\n\t\t\t\t\t<div class=\"elementor-column elementor-col-100 elementor-top-column elementor-element elementor-element-236482c\" data-id=\"236482c\" data-element_type=\"column\" data-e-type=\"column\">\n\t\t\t<div class=\"elementor-widget-wrap elementor-element-populated\">\n\t\t\t\t\t\t<div class=\"elementor-element elementor-element-e6a20d4 elementor-widget elementor-widget-text-editor\" data-id=\"e6a20d4\" data-element_type=\"widget\" data-e-type=\"widget\" data-widget_type=\"text-editor.default\">\n\t\t\t\t<div class=\"elementor-widget-container\">\n\t\t\t\t\t\t\t\t\t<section class=\"elementor-section elementor-top-section elementor-element elementor-element-d81b614 elementor-section-boxed elementor-section-height-default elementor-section-height-default wpr-particle-no wpr-jarallax-no wpr-parallax-no wpr-sticky-section-no\" data-id=\"d81b614\" data-element_type=\"section\"><div class=\"elementor-container elementor-column-gap-default\"><div class=\"elementor-column elementor-col-100 elementor-top-column elementor-element elementor-element-59a6f72\" data-id=\"59a6f72\" data-element_type=\"column\"><div class=\"elementor-widget-wrap elementor-element-populated\"><div class=\"elementor-element elementor-element-b340e38 elementor-widget elementor-widget-text-editor\" data-id=\"b340e38\" data-element_type=\"widget\" data-widget_type=\"text-editor.default\"><div class=\"elementor-widget-container\"><h4 style=\"text-align: left;\">Streamen und browsen Sie ohne Einschr\u00e4nkungen.<\/h4><p>Von Video-Streaming bis hin zu sozialen Netzwerken, <strong>unser VPN funktioniert \u00fcberall<\/strong> und erm\u00f6glicht Ihnen den Zugriff auf die Websites und Apps, die Sie lieben. Plus schnelle Geschwindigkeiten f\u00fcr einfaches Surfen und kein Puffern oder lange Wartezeiten mehr.<\/p><ul class=\"highlights\"><li>Greifen Sie auf blockierte Websites zu<\/li><li>Sehen Sie sich Streaming-Dienste \u00fcberall an<\/li><li>Umgehen Sie die lokale Internetzensur<\/li><li>Spielen Sie regional gesperrte Spiele<\/li><li>Holen Sie sich online bessere Angebote<\/li><li>Bleiben Sie privat und anonym<\/li><\/ul><\/div><\/div><\/div><\/div><\/div><\/section><section class=\"elementor-section elementor-top-section elementor-element elementor-element-b285236 elementor-section-boxed elementor-section-height-default elementor-section-height-default wpr-particle-no wpr-jarallax-no wpr-parallax-no wpr-sticky-section-no\" data-id=\"b285236\" data-element_type=\"section\"><div class=\"elementor-container elementor-column-gap-default\"><div class=\"elementor-column elementor-col-100 elementor-top-column elementor-element elementor-element-e23f0a2\" data-id=\"e23f0a2\" data-element_type=\"column\"><div class=\"elementor-widget-wrap elementor-element-populated\"><div class=\"elementor-element elementor-element-a7092a8 elementor-widget elementor-widget-text-editor\" data-id=\"a7092a8\" data-element_type=\"widget\" data-widget_type=\"text-editor.default\"><div class=\"elementor-widget-container\"><h4>Sch\u00fctzen Sie alle Ihre Ger\u00e4te.<\/h4><p><strong>1-Klick-Setup-VPN<\/strong> f\u00fcr Mac, Windows, iOS und Android.<\/p><p>Greifen Sie von \u00fcberall auf das Internet zu, egal ob Sie sich auf einem Computer, Smartphone oder Tablet befinden. Die automatische Konfiguration wird f\u00fcr alle wichtigen Plattformen<sup>*<\/sup> unterst\u00fctzt , sodass Sie uneingeschr\u00e4nkt surfen k\u00f6nnen, ohne dass eine Codierung oder komplexe Einrichtung erforderlich ist. <strong>Einfach herunterladen und verbinden.<\/strong><\/p><p><strong>\u00a0<\/strong><\/p><\/div><\/div><\/div><\/div><\/div><\/section><section class=\"elementor-section elementor-top-section elementor-element elementor-element-f87783e elementor-section-boxed elementor-section-height-default elementor-section-height-default wpr-particle-no wpr-jarallax-no wpr-parallax-no wpr-sticky-section-no\" data-id=\"f87783e\" data-element_type=\"section\"><div class=\"elementor-container elementor-column-gap-default\"><div class=\"elementor-column elementor-col-100 elementor-top-column elementor-element elementor-element-584e921\" data-id=\"584e921\" data-element_type=\"column\"><div class=\"elementor-widget-wrap elementor-element-populated\"><div class=\"elementor-element elementor-element-e909443 elementor-widget elementor-widget-image\" data-id=\"e909443\" data-element_type=\"widget\" data-widget_type=\"image.default\"><div class=\"elementor-widget-container\"><img fetchpriority=\"high\" decoding=\"async\" class=\"attachment-large size-large aligncenter\" src=\"https:\/\/www.l-88.de\/wp-content\/uploads\/2022\/02\/flags.png\" alt=\"\" width=\"800\" height=\"75\" \/><\/div><\/div><\/div><\/div><\/div><\/section>\t\t\t\t\t\t\t\t<\/div>\n\t\t\t\t<\/div>\n\t\t\t\t\t<\/div>\n\t\t<\/div>\n\t\t\t\t\t<\/div>\n\t\t<\/section>\n\t\t\t\t<\/div>\n\t\t","protected":false},"excerpt":{"rendered":"<p>Sichern und sch\u00fctzen Sie\u00a0Ihr Surfen im Internet \u00a0 Erhalten Sie einen sicheren und privaten Zugang zum Internet. Sch\u00fctzen Sie Ihre pers\u00f6nlichen Daten und genie\u00dfen Sie jedes Mal Ruhe, wenn Sie \u00f6ffentliches WLAN nutzen, unterwegs auf private und gesch\u00e4ftliche Konten zugreifen oder einfach nur Ihren Browserverlauf f\u00fcr sich behalten m\u00f6chten. Verstecken Sie Ihre IP-Adresse Sch\u00fctzen Sie [&hellip;]<\/p>\n","protected":false},"author":1,"featured_media":0,"parent":0,"menu_order":0,"comment_status":"closed","ping_status":"closed","template":"elementor_header_footer","meta":{"_acf_changed":false,"_monsterinsights_skip_tracking":false,"_monsterinsights_sitenote_active":false,"_monsterinsights_sitenote_note":"","_monsterinsights_sitenote_category":0,"footnotes":""},"class_list":["post-8969","page","type-page","status-publish","hentry"],"acf":[],"aioseo_notices":[],"jetpack_sharing_enabled":true,"_links":{"self":[{"href":"https:\/\/www.all-domains.de\/index.php\/wp-json\/wp\/v2\/pages\/8969","targetHints":{"allow":["GET"]}}],"collection":[{"href":"https:\/\/www.all-domains.de\/index.php\/wp-json\/wp\/v2\/pages"}],"about":[{"href":"https:\/\/www.all-domains.de\/index.php\/wp-json\/wp\/v2\/types\/page"}],"author":[{"embeddable":true,"href":"https:\/\/www.all-domains.de\/index.php\/wp-json\/wp\/v2\/users\/1"}],"replies":[{"embeddable":true,"href":"https:\/\/www.all-domains.de\/index.php\/wp-json\/wp\/v2\/comments?post=8969"}],"version-history":[{"count":4,"href":"https:\/\/www.all-domains.de\/index.php\/wp-json\/wp\/v2\/pages\/8969\/revisions"}],"predecessor-version":[{"id":8973,"href":"https:\/\/www.all-domains.de\/index.php\/wp-json\/wp\/v2\/pages\/8969\/revisions\/8973"}],"wp:attachment":[{"href":"https:\/\/www.all-domains.de\/index.php\/wp-json\/wp\/v2\/media?parent=8969"}],"curies":[{"name":"wp","href":"https:\/\/api.w.org\/{rel}","templated":true}]}}